{"id":10902,"date":"2017-09-15T08:58:42","date_gmt":"2017-09-15T04:58:42","guid":{"rendered":"https:\/\/www.rokmp.de\/?page_id=10902"},"modified":"2021-05-19T20:12:57","modified_gmt":"2021-05-19T17:12:57","slug":"bishof-tikhon","status":"publish","type":"page","link":"https:\/\/rokmp.de\/de\/bishof-tikhon\/","title":{"rendered":"Erzbischof Tikhon von Ruza"},"content":{"rendered":"<p><b><img loading=\"lazy\" decoding=\"async\" data-attachment-id=\"12168\" data-permalink=\"https:\/\/rokmp.de\/de\/bishof-tikhon\/arch\/\" data-orig-file=\"https:\/\/rokmp.de\/wp-content\/uploads\/2018\/02\/arch.jpg\" data-orig-size=\"170,255\" data-comments-opened=\"1\" data-image-meta=\"{&quot;aperture&quot;:&quot;0&quot;,&quot;credit&quot;:&quot;&quot;,&quot;camera&quot;:&quot;&quot;,&quot;caption&quot;:&quot;&quot;,&quot;created_timestamp&quot;:&quot;0&quot;,&quot;copyright&quot;:&quot;&quot;,&quot;focal_length&quot;:&quot;0&quot;,&quot;iso&quot;:&quot;0&quot;,&quot;shutter_speed&quot;:&quot;0&quot;,&quot;title&quot;:&quot;&quot;,&quot;orientation&quot;:&quot;0&quot;}\" data-image-title=\"arch\" data-image-description=\"\" data-image-caption=\"\" data-medium-file=\"https:\/\/rokmp.de\/wp-content\/uploads\/2018\/02\/arch.jpg\" data-large-file=\"https:\/\/rokmp.de\/wp-content\/uploads\/2018\/02\/arch.jpg\" class=\"alignnone wp-image-12168 size-full\" src=\"https:\/\/rokmp.de\/wp-content\/uploads\/2018\/02\/arch.jpg\" alt=\"\" width=\"170\" height=\"255\" \/><\/b><\/p>\n<h3>Tichon, Erzbischof von Ruza, Leiter der Berliner Dioezese<\/h3>\n<p><strong>Geburtsdatum:<\/strong> 13. April 1967<\/p>\n<p><strong>Datum der Chirotonie (Bischofsweihe):<\/strong> 26. April 2009<\/p>\n<p><strong>Datum der M\u00f6nchsweihe:<\/strong> 25. M\u00e4rz 1993<\/p>\n<p><strong>Namenstag:<\/strong> 7. April<\/p>\n<p><strong>Land:<\/strong> Russland<\/p>\n<p><strong>Lebenslauf:<\/strong><\/p>\n<p>Erzbischof Tichon wurde am 13. April 1967 in Moskau geboren. Er hat die Oberschule und Fachoberschule absolviert. In den Jahren 1985-1987 hat er seinen Wehrdienst geleistet.<\/p>\n<p>Im Jahr 1987 trat Tichon in das Moskauer Priesterseminar ein, das er 1991 erfolgreich absolvierte. Im selben Jahr wurde er an der Moskauer Geistlichen Akademie aufgenommen, die er im Jahr 1995 absolvierte, wobei er seine Inauguraldissertation zur Erlangung der W\u00fcrde des Kandidaten der Theologie r im Fachbereich \u201eDer ehrw\u00fcrdige Theodor Studites \u2013 Lehrer des M\u00f6nchsstandes\u201c verteidigte.<\/p>\n<p>Nach dem Abschluss des Studiums an der Akademie setzte Tichon seine T\u00e4tigkeit als Lehrer im Moskauer Priesterseminar fort, wo er Liturgik, Homiletik und altgriechische Sprache lehrte.<\/p>\n<p>Am 25. M\u00e4rz 1993 wurde ihm mit dem Segen Seiner Heiligkeit des Patriarchen Aleksij II.. vom Archimandrit Benedikt (Knjasev), dem ersten Prorektor der Moskauer Geistlichen Akademie und des Priesterseminars (MGAuS), die M\u00f6nchsweihe erteilt. Er nahm dazu den Namen Tichon an (zu Ehren des heiligen Tichon, des Patriarchen von ganz Russland).<\/p>\n<p>Am 7. April 1993 wurde Tichon in der Akademischen Mari\u00e4-Schutz-Kirche vom Rektor der Moskauer geistlichen Schulen, dem Bischof von Dmitrow, Filaret, zum Diakon geweiht. In der Akademie leistete er den Dienst des Oberdiakons. Im August 1995 wurde er zum Prior der Akademischen Mari\u00e4-Schutz-Kirche berufen.<\/p>\n<p>Am 6. Januar 1996 wurde er im Pokrovsky akademischen Gotteshaus vom Rektor der MGAuS, dem Bischof von Wereja, Jewgeni, zum Priester geweiht. Zum Osterfest 1996 wurde Tichon vom Heiligen Patriarchen Aleksij II.. mit dem Brustkreuz ausgezeichnet.<\/p>\n<p>Zu Ostern 1999 wurde er zum Klostervorsteher (Igumen) ernannt.<\/p>\n<p>Ab dem Jahr 2002 war er in der MGAuS f\u00fcr die Vorbereitung der Anw\u00e4rter auf einen klerikalen Stand verantwortlich. Zugleich nahm er die Befragung der Anw\u00e4rter im Zuge der Handauflegung vor.<\/p>\n<p>Am 24. Dezember 2004 wurde er durch den Erlass Seiner Heiligkeit des Patriarchen Aleksij II. zum Mitglied der Russischen geistlichen Mission in Jerusalem beordert.<\/p>\n<p>Am 6. Oktober 2006 wurde er durch Erlass Seiner Heiligkeit des Patriarchen Aleksij II. zum Leiter der Russischen geistlichen Mission in Jerusalem berufen.<\/p>\n<p>Am 8. Oktober 2006 wurde Tichon in der Uspenski-Kathedrale des Sergius-Dreifaltigkeits-Klosters von Seiner Heiligkeit Patriarch Aleksij II. zum Archimandriten ernannt.<\/p>\n<p>Zum 160. Jahrestag der Russischen geistlichen Mission in Jerusalem am 28. Oktober 2007 wurde er mit dem Orden des ehrw\u00fcrdigen Sergius von Radonesch ausgezeichnet.<\/p>\n<p>Seit 2008 ist er Mitglied des Rats der Kaiserlichen Orthodoxen Gesellschaft von Pal\u00e4stina, und seit 2009 ist er Ehrenmitglied des Fonds des Heiligen Andreas des Erstberufenen.<\/p>\n<p>Auf Beschluss des Heiligen Synods vom 31. M\u00e4rz 2009 (Journal-Nr. 18) wurde er zum Vorsitzenden der finanziellen und wirtschaftlichen Verwaltung des Patriarchats von Moskau unter Befreiung vom Amt des Leiters der Russischen geistlichen Mission in Jerusalem berufen. Der Synod ernannte den Archimandriten Tichon (Sajzew) zum Bischof von Podolsk, sowie zum Vikar des Patriarchen von Moskau und ganz Russland.<\/p>\n<p>Auf Erlass Seiner Heiligkeit des Patriarchen Kirill wurde er zum Abt der Kirche von Sankt Nikolaus in Chamovniki ernannt.<\/p>\n<p>Am 25. April wurde er zum Bischof von Podolsk ernannt.<\/p>\n<p>Am 26. April 2009 wurde Tichon w\u00e4hrend einer G\u00f6ttlichen Liturgie in der Christus-Erl\u00f6ser-Kathedrale in Moskau, zelebriert von Seiner Heiligkeit, dem Patriarchen Kirill und dem Seligsten Metropoliten von ganz Amerika und Kanada, Jona, zum Bischof von Podolsk und zum Vikar der Moskauer Eparchie geweiht.<\/p>\n<p>Ab dem Jahr 2011 wirkte er als Seelsorger in Gemeindekirchen des Nord\u00f6stlichen Verwaltungsbezirks der Stadt Moskau (Dreifaltigkeits-Kirchenbezirk).<\/p>\n<p>Ab 22. M\u00e4rz 2011 ist Mitglied des Obersten Kirchenrats der Russischen Orthodoxen Kirche.<\/p>\n<p>Auf Erlass Seiner Heiligkeit, des Patriarchen Kirill, vom 31. Dezember 2011 wurde er zum Leiter des<\/p>\n<p>Nord\u00f6stlichen Vikariats innerhalb der Grenzen des Nord\u00f6stlichen Verwaltungsbezirks der Stadt Moskau berufen und durch sein Amt in den Di\u00f6zesanrat der Stadt Moskau aufgenommen.<\/p>\n<p>Auf Beschluss des Heiligen Synods vom 25. Juli 2014 (Journal-Nr. 64) wurde er vom Amt des Vorsitzenden der finanziellen und wirtschaftlichen Verwaltung des Patriarchats von Moskau entpflichtet.<\/p>\n<p>Auf Beschluss des geweihten Synods vom 22. Oktober 2015 (Journal-Nr. 62) wurde er zum Leiter der Eparchien von Wien und \u00d6sterreich sowie der Eparchie von Budapest und Ungarn berufen.<\/p>\n<p>Auf Beschluss des geweihten Synods vom 28. Dezember 2017 (Journal-Nr. 116) wurde er zum Leiter der Berliner Dioezese ernannt. Von der Leitung der Eparchien von Wien und \u00d6sterreich sowie der Eparchie von Budapest und Ungarn wurde er befreit.<\/p>\n<p>Auf Beschluss des geweihten Synods vom 13. April 2021 (Journal-Nr. 4) wurde er zum Erzbischof von Ruza umbenannt.<\/p>\n<p><strong>Ausbildung:<\/strong><\/p>\n<p>1991 \u2013 Moskauer Priesterseminar<br \/>\n1995 \u2013 Moskauer Geistliche Akademie (Kandidat der Theologie)<\/p>\n<p><strong>Wissenschaftliche Arbeiten, Publikationen:<\/strong><\/p>\n<p>Rede des Archimandriten Tichon (Saitsev) bei der Ernennung zum Bischof von Podolsk und zum Vikar der Moskauer Eparchie;<\/p>\n<p>Die Geschichte der Nachtwache. Vortrag in der Konferenz \u00fcber den Kirchengesang. Moskauer Geistliche Akademie, 1999;<\/p>\n<p>Die Bedeutung der christlichen Askese bei der innerlichen Verwandlung des Menschen. Vortrag auf der wissenschaftlichen und theologischen Konferenz \u201eDas Erbe des ehrw\u00fcrdigen Seraphim von Sarow und das Schicksal von Russland\u201c. Moskau \u2013 Sarow, 15.-18. Juni 2004;<\/p>\n<p>Rede vor den Teilnehmern der internationalen wissenschaftlichen und gesellschaftlichen Konferenz \u201eJerusalem in der russischen geistlichen Tradition\u201c. Jerusalem, 2005; Urspr\u00fcnge der russischen Kultur. Vortrag auf der wissenschaftlichen Konferenz. Jerusalem, 2006;<\/p>\n<p>Wir d\u00fcrfen nicht teilnahmslos bleiben. Ein Interview zum Thema des beginnenden Zweiten Libanonkriegs, 2006;<\/p>\n<p>Orthodoxe Heiligt\u00fcmer im Heiligen Land: Das Gornenskij-Kloster. Ein Interview f\u00fcr die Agentur der nationalen Nachrichten. Jerusalem, 2006; Auf die Gottes Liebe antworten. Ein Interview f\u00fcr die Webseite Pravoslavie.ru, 2007.<\/p>\n<p>Der 160. Jahrestag der Russischen geistlichen Mission in Jerusalem. Vortrag auf der Jubil\u00e4umskonferenz. Jerusalem, 2007;<\/p>\n<p>Vortrag auf der Konferenz \u201eDie Rolle der traditionellen Religionen bei der Suche nach friedlichen L\u00f6sungen und Antworten auf globale und regionale Bedrohungen und Konflikte\u201c, Bethlehem, 12.-13. Februar 2009 \/ Dokumente und Materialien der Internationalen Konferenzen. Moskau, 2009; Gro\u00dfe Mission im Heiligen Land. Ein Interview f\u00fcr die Zeitschrift \u201eOrthodoxes Gespr\u00e4ch\u201c. No 3, 2009;<\/p>\n<p>Der Mensch unter den Bedingungen der weltweiten Krise. Thesen eines Vortrags zu einer wissenschaftlichen Konferenz. Moskau, 2009;<\/p>\n<p>Die religi\u00f6se und kulturelle Bedeutung von Jerusalem aus der Sicht des Christen. Vortrag im internationalen Jerusalemer Forum, Rabat, Marokko. 28.-29. Oktober, 2009.<\/p>\n<p>Heiligt\u00fcmer des weltweiten orthodoxen Christentums: Das H\u00f6hlenkloster des Heiligen Sawa. \u201eDer orthodoxe Pilger\u201c, Nr. 14 (57) 2009.<\/p>\n<p>\u00dcbersetzungen aus dem Griechischen:<\/p>\n<p>Bibliographischer Anhang zum Buch von A-E.N. Tachios: \u201eDie heiligen Kyrill und Method\u201c. Moskau, 2005;<\/p>\n<p>Die Hymne an die Gottesmutter, verfasst vom heiligen Nektarios von \u00c4gina, 2005;<\/p>\n<p>Die Handschrift des H\u00f6hlenklosters des heiligen Sawa, 2006;<\/p>\n<p>Wassilij Lavriotis, M\u00f6nchspriester. \u201eBu\u00dfe und Beichte\u201c. Moskau, 2007.<\/p>\n<p><strong>Auszeichnungen:<\/strong><\/p>\n<p><strong>Kirchliche:<\/strong><\/p>\n<p>2007 \u2014 Medaille des Heiligen Kirill von Turow (Wei\u00dfrussisch Orthodoxe Kirche);<br \/>\n2007 \u2014 Orden des ehrw\u00fcrdigen Sergij von Radonesch des dritten Grades;<\/p>\n<p>2013 \u2014 Orden des heiligen Aleksij von Moskau des dritten Grades.<\/p>\n<p><strong>S\u00e4kulare:<\/strong><\/p>\n<p>Ehrenzeichen \u201eF\u00fcr die die Vertiefung der Zusammenarbeit mit dem Rechnungshof der Russischen F\u00f6deration\u201d.<\/p>","protected":false},"excerpt":{"rendered":"<p>Tichon, Erzbischof von Ruza, Leiter der Berliner Dioezese Geburtsdatum: 13&#8230;.<\/p>\n","protected":false},"author":88,"featured_media":12168,"parent":0,"menu_order":0,"comment_status":"closed","ping_status":"closed","template":"","meta":{"_acf_changed":false,"footnotes":""},"class_list":["post-10902","page","type-page","status-publish","has-post-thumbnail","hentry"],"acf":[],"yoast_head":"<!-- This site is optimized with the Yoast SEO plugin v24.9 - https:\/\/yoast.com\/wordpress\/plugins\/seo\/ -->\n<title>Erzbischof Tikhon von Ruza - Berliner Di\u00f6zese der Russischen Orthodoxen Kirche (Kd\u00f6R)<\/title>\n<meta name=\"robots\" content=\"index, follow, max-snippet:-1, max-image-preview:large, max-video-preview:-1\" \/>\n<link rel=\"canonical\" href=\"https:\/\/rokmp.de\/bishof-tikhon\/\" \/>\n<meta property=\"og:locale\" content=\"de_DE\" \/>\n<meta property=\"og:type\" content=\"article\" \/>\n<meta property=\"og:title\" content=\"Erzbischof Tikhon von Ruza - Berliner Di\u00f6zese der Russischen Orthodoxen Kirche (Kd\u00f6R)\" \/>\n<meta property=\"og:description\" content=\"Tichon, Erzbischof von Ruza, Leiter der Berliner Dioezese Geburtsdatum: 13....\" \/>\n<meta property=\"og:url\" content=\"https:\/\/rokmp.de\/bishof-tikhon\/\" \/>\n<meta property=\"og:site_name\" content=\"Berliner Di\u00f6zese der Russischen Orthodoxen Kirche (Kd\u00f6R)\" \/>\n<meta property=\"article:modified_time\" content=\"2021-05-19T17:12:57+00:00\" \/>\n<meta property=\"og:image\" content=\"https:\/\/rokmp.de\/wp-content\/uploads\/2018\/02\/arch.jpg\" \/>\n\t<meta property=\"og:image:width\" content=\"170\" \/>\n\t<meta property=\"og:image:height\" content=\"255\" \/>\n\t<meta property=\"og:image:type\" content=\"image\/jpeg\" \/>\n<meta name=\"twitter:card\" content=\"summary_large_image\" \/>\n<meta name=\"twitter:label1\" content=\"Gesch\u00e4tzte Lesezeit\" \/>\n\t<meta name=\"twitter:data1\" content=\"6\u00a0Minuten\" \/>\n<script type=\"application\/ld+json\" class=\"yoast-schema-graph\">{\"@context\":\"https:\/\/schema.org\",\"@graph\":[{\"@type\":\"WebPage\",\"@id\":\"https:\/\/rokmp.de\/bishof-tikhon\/\",\"url\":\"https:\/\/rokmp.de\/bishof-tikhon\/\",\"name\":\"Erzbischof Tikhon von Ruza - Berliner Di\u00f6zese der Russischen Orthodoxen Kirche (Kd\u00f6R)\",\"isPartOf\":{\"@id\":\"https:\/\/rokmp.de\/#website\"},\"primaryImageOfPage\":{\"@id\":\"https:\/\/rokmp.de\/bishof-tikhon\/#primaryimage\"},\"image\":{\"@id\":\"https:\/\/rokmp.de\/bishof-tikhon\/#primaryimage\"},\"thumbnailUrl\":\"https:\/\/rokmp.de\/wp-content\/uploads\/2018\/02\/arch.jpg\",\"datePublished\":\"2017-09-15T04:58:42+00:00\",\"dateModified\":\"2021-05-19T17:12:57+00:00\",\"breadcrumb\":{\"@id\":\"https:\/\/rokmp.de\/bishof-tikhon\/#breadcrumb\"},\"inLanguage\":\"de\",\"potentialAction\":[{\"@type\":\"ReadAction\",\"target\":[\"https:\/\/rokmp.de\/bishof-tikhon\/\"]}]},{\"@type\":\"ImageObject\",\"inLanguage\":\"de\",\"@id\":\"https:\/\/rokmp.de\/bishof-tikhon\/#primaryimage\",\"url\":\"https:\/\/rokmp.de\/wp-content\/uploads\/2018\/02\/arch.jpg\",\"contentUrl\":\"https:\/\/rokmp.de\/wp-content\/uploads\/2018\/02\/arch.jpg\",\"width\":170,\"height\":255},{\"@type\":\"BreadcrumbList\",\"@id\":\"https:\/\/rokmp.de\/bishof-tikhon\/#breadcrumb\",\"itemListElement\":[{\"@type\":\"ListItem\",\"position\":1,\"name\":\"\u0413\u043b\u0430\u0432\u043d\u0430\u044f \u0441\u0442\u0440\u0430\u043d\u0438\u0446\u0430\",\"item\":\"https:\/\/rokmp.de\/\"},{\"@type\":\"ListItem\",\"position\":2,\"name\":\"\u0410\u0440\u0445\u0438\u0435\u043f\u0438\u0441\u043a\u043e\u043f \u0420\u0443\u0437\u0441\u043a\u0438\u0439 \u0422\u0438\u0445\u043e\u043d, \u0443\u043f\u0440\u0430\u0432\u043b\u044f\u044e\u0449\u0438\u0439 \u0411\u0435\u0440\u043b\u0438\u043d\u0441\u043a\u043e-\u0413\u0435\u0440\u043c\u0430\u043d\u0441\u043a\u043e\u0439 \u0435\u043f\u0430\u0440\u0445\u0438\u0435\u0439\"}]},{\"@type\":\"WebSite\",\"@id\":\"https:\/\/rokmp.de\/#website\",\"url\":\"https:\/\/rokmp.de\/\",\"name\":\"Berliner Di\u00f6zese der Russischen Orthodoxen Kirche (Kd\u00f6R)\",\"description\":\"(\u0420\u0443\u0441\u0441\u043a\u0438\u0439) \u041e\u0444\u0438\u0446\u0438\u0430\u043b\u044c\u043d\u044b\u0439 \u0441\u0430\u0439\u0442 \u0420\u0443\u0441\u0441\u043a\u043e\u0439 \u041f\u0440\u0430\u0432\u043e\u0441\u043b\u0430\u0432\u043d\u043e\u0439 \u0426\u0435\u0440\u043a\u0432\u0438. \u0411\u0435\u0440\u043b\u0438\u043d\u0441\u043a\u043e-\u0413\u0435\u0440\u043c\u0430\u043d\u0441\u043a\u0430\u044f \u0435\u043f\u0430\u0440\u0445\u0438\u044f.\",\"potentialAction\":[{\"@type\":\"SearchAction\",\"target\":{\"@type\":\"EntryPoint\",\"urlTemplate\":\"https:\/\/rokmp.de\/?s={search_term_string}\"},\"query-input\":{\"@type\":\"PropertyValueSpecification\",\"valueRequired\":true,\"valueName\":\"search_term_string\"}}],\"inLanguage\":\"de\"}]}<\/script>\n<!-- \/ Yoast SEO plugin. -->","yoast_head_json":{"title":"Erzbischof Tikhon von Ruza - Berliner Di\u00f6zese der Russischen Orthodoxen Kirche (Kd\u00f6R)","robots":{"index":"index","follow":"follow","max-snippet":"max-snippet:-1","max-image-preview":"max-image-preview:large","max-video-preview":"max-video-preview:-1"},"canonical":"https:\/\/rokmp.de\/bishof-tikhon\/","og_locale":"de_DE","og_type":"article","og_title":"Erzbischof Tikhon von Ruza - Berliner Di\u00f6zese der Russischen Orthodoxen Kirche (Kd\u00f6R)","og_description":"Tichon, Erzbischof von Ruza, Leiter der Berliner Dioezese Geburtsdatum: 13....","og_url":"https:\/\/rokmp.de\/bishof-tikhon\/","og_site_name":"Berliner Di\u00f6zese der Russischen Orthodoxen Kirche (Kd\u00f6R)","article_modified_time":"2021-05-19T17:12:57+00:00","og_image":[{"width":170,"height":255,"url":"https:\/\/rokmp.de\/wp-content\/uploads\/2018\/02\/arch.jpg","type":"image\/jpeg"}],"twitter_card":"summary_large_image","twitter_misc":{"Gesch\u00e4tzte Lesezeit":"6\u00a0Minuten"},"schema":{"@context":"https:\/\/schema.org","@graph":[{"@type":"WebPage","@id":"https:\/\/rokmp.de\/bishof-tikhon\/","url":"https:\/\/rokmp.de\/bishof-tikhon\/","name":"Erzbischof Tikhon von Ruza - Berliner Di\u00f6zese der Russischen Orthodoxen Kirche (Kd\u00f6R)","isPartOf":{"@id":"https:\/\/rokmp.de\/#website"},"primaryImageOfPage":{"@id":"https:\/\/rokmp.de\/bishof-tikhon\/#primaryimage"},"image":{"@id":"https:\/\/rokmp.de\/bishof-tikhon\/#primaryimage"},"thumbnailUrl":"https:\/\/rokmp.de\/wp-content\/uploads\/2018\/02\/arch.jpg","datePublished":"2017-09-15T04:58:42+00:00","dateModified":"2021-05-19T17:12:57+00:00","breadcrumb":{"@id":"https:\/\/rokmp.de\/bishof-tikhon\/#breadcrumb"},"inLanguage":"de","potentialAction":[{"@type":"ReadAction","target":["https:\/\/rokmp.de\/bishof-tikhon\/"]}]},{"@type":"ImageObject","inLanguage":"de","@id":"https:\/\/rokmp.de\/bishof-tikhon\/#primaryimage","url":"https:\/\/rokmp.de\/wp-content\/uploads\/2018\/02\/arch.jpg","contentUrl":"https:\/\/rokmp.de\/wp-content\/uploads\/2018\/02\/arch.jpg","width":170,"height":255},{"@type":"BreadcrumbList","@id":"https:\/\/rokmp.de\/bishof-tikhon\/#breadcrumb","itemListElement":[{"@type":"ListItem","position":1,"name":"\u0413\u043b\u0430\u0432\u043d\u0430\u044f \u0441\u0442\u0440\u0430\u043d\u0438\u0446\u0430","item":"https:\/\/rokmp.de\/"},{"@type":"ListItem","position":2,"name":"\u0410\u0440\u0445\u0438\u0435\u043f\u0438\u0441\u043a\u043e\u043f \u0420\u0443\u0437\u0441\u043a\u0438\u0439 \u0422\u0438\u0445\u043e\u043d, \u0443\u043f\u0440\u0430\u0432\u043b\u044f\u044e\u0449\u0438\u0439 \u0411\u0435\u0440\u043b\u0438\u043d\u0441\u043a\u043e-\u0413\u0435\u0440\u043c\u0430\u043d\u0441\u043a\u043e\u0439 \u0435\u043f\u0430\u0440\u0445\u0438\u0435\u0439"}]},{"@type":"WebSite","@id":"https:\/\/rokmp.de\/#website","url":"https:\/\/rokmp.de\/","name":"Berliner Di\u00f6zese der Russischen Orthodoxen Kirche (Kd\u00f6R)","description":"(\u0420\u0443\u0441\u0441\u043a\u0438\u0439) \u041e\u0444\u0438\u0446\u0438\u0430\u043b\u044c\u043d\u044b\u0439 \u0441\u0430\u0439\u0442 \u0420\u0443\u0441\u0441\u043a\u043e\u0439 \u041f\u0440\u0430\u0432\u043e\u0441\u043b\u0430\u0432\u043d\u043e\u0439 \u0426\u0435\u0440\u043a\u0432\u0438. \u0411\u0435\u0440\u043b\u0438\u043d\u0441\u043a\u043e-\u0413\u0435\u0440\u043c\u0430\u043d\u0441\u043a\u0430\u044f \u0435\u043f\u0430\u0440\u0445\u0438\u044f.","potentialAction":[{"@type":"SearchAction","target":{"@type":"EntryPoint","urlTemplate":"https:\/\/rokmp.de\/?s={search_term_string}"},"query-input":{"@type":"PropertyValueSpecification","valueRequired":true,"valueName":"search_term_string"}}],"inLanguage":"de"}]}},"jetpack_sharing_enabled":true,"_links":{"self":[{"href":"https:\/\/rokmp.de\/de\/wp-json\/wp\/v2\/pages\/10902","targetHints":{"allow":["GET"]}}],"collection":[{"href":"https:\/\/rokmp.de\/de\/wp-json\/wp\/v2\/pages"}],"about":[{"href":"https:\/\/rokmp.de\/de\/wp-json\/wp\/v2\/types\/page"}],"author":[{"embeddable":true,"href":"https:\/\/rokmp.de\/de\/wp-json\/wp\/v2\/users\/88"}],"replies":[{"embeddable":true,"href":"https:\/\/rokmp.de\/de\/wp-json\/wp\/v2\/comments?post=10902"}],"version-history":[{"count":20,"href":"https:\/\/rokmp.de\/de\/wp-json\/wp\/v2\/pages\/10902\/revisions"}],"predecessor-version":[{"id":27554,"href":"https:\/\/rokmp.de\/de\/wp-json\/wp\/v2\/pages\/10902\/revisions\/27554"}],"wp:featuredmedia":[{"embeddable":true,"href":"https:\/\/rokmp.de\/de\/wp-json\/wp\/v2\/media\/12168"}],"wp:attachment":[{"href":"https:\/\/rokmp.de\/de\/wp-json\/wp\/v2\/media?parent=10902"}],"curies":[{"name":"wp","href":"https:\/\/api.w.org\/{rel}","templated":true}]}}