{"id":1094,"date":"2013-04-30T10:15:52","date_gmt":"2013-04-30T06:15:52","guid":{"rendered":"https:\/\/www.rokmp.de\/?page_id=1094"},"modified":"2018-07-18T19:08:08","modified_gmt":"2018-07-18T16:08:08","slug":"kontaktyi","status":"publish","type":"page","link":"https:\/\/rokmp.de\/de\/kontaktyi\/","title":{"rendered":"Kontakt"},"content":{"rendered":"<p><\/p>\n<h2>Berliner Di\u00f6zese der Russischen Orthodoxen Kirche des Moskauer Patriarchats<\/h2>\n<div class=\"clear\"><\/div>\n<div id=\"map_contacts\"><\/div>\n<p><b>Telefon:<\/b> +49-(030) 503-79-488<br \/>\n<b>Fax:<\/b> +49-(030) 509-81-53<\/p>\n<div>\n<p class=\"p1\"><span class=\"s1\"><strong>\u0410dresse der Di\u00f6zesanverwaltung<\/strong><br \/>\nWildensteiner Stra\u00dfe 10, 10318 Berlin<br \/>\nTel.: 030\/ 503 794 88<br \/>\n<\/span>Fax: 030\/ 509 81 53<br \/>\nE-Mail.: dioezese@rokmp.de<\/p>\n<p class=\"p2\"><strong>\u0410dresse der Di\u00f6zesankanzlei<\/strong><br \/>\nWildensteiner Stra\u00dfe 10, 10318 Berlin<br \/>\nTel.: 030\/ 503 794 88<br \/>\nFax: 030\/ 509 81 53<br \/>\nE-Mail.: dioezese@rokmp.de<\/p>\n<\/div>\n<p><\/p>","protected":false},"excerpt":{"rendered":"<p>Berliner Di\u00f6zese der Russischen Orthodoxen Kirche des Moskauer Patriarchats Telefon:&#8230;<\/p>\n","protected":false},"author":88,"featured_media":0,"parent":0,"menu_order":0,"comment_status":"open","ping_status":"closed","template":"","meta":{"_acf_changed":false,"footnotes":""},"class_list":["post-1094","page","type-page","status-publish","hentry"],"acf":[],"yoast_head":"<!-- This site is optimized with the Yoast SEO plugin v24.9 - https:\/\/yoast.com\/wordpress\/plugins\/seo\/ -->\n<title>Kontakt - Berliner Di\u00f6zese der Russischen Orthodoxen Kirche (Kd\u00f6R)<\/title>\n<meta name=\"robots\" content=\"index, follow, max-snippet:-1, max-image-preview:large, max-video-preview:-1\" \/>\n<link rel=\"canonical\" href=\"https:\/\/rokmp.de\/kontaktyi\/\" \/>\n<meta property=\"og:locale\" content=\"de_DE\" \/>\n<meta property=\"og:type\" content=\"article\" \/>\n<meta property=\"og:title\" content=\"Kontakt - Berliner Di\u00f6zese der Russischen Orthodoxen Kirche (Kd\u00f6R)\" \/>\n<meta property=\"og:description\" content=\"Berliner Di\u00f6zese der Russischen Orthodoxen Kirche des Moskauer Patriarchats Telefon:...\" \/>\n<meta property=\"og:url\" content=\"https:\/\/rokmp.de\/kontaktyi\/\" \/>\n<meta property=\"og:site_name\" content=\"Berliner Di\u00f6zese der Russischen Orthodoxen Kirche (Kd\u00f6R)\" \/>\n<meta property=\"article:modified_time\" content=\"2018-07-18T16:08:08+00:00\" \/>\n<meta name=\"twitter:card\" content=\"summary_large_image\" \/>\n<script type=\"application\/ld+json\" class=\"yoast-schema-graph\">{\"@context\":\"https:\/\/schema.org\",\"@graph\":[{\"@type\":\"WebPage\",\"@id\":\"https:\/\/rokmp.de\/kontaktyi\/\",\"url\":\"https:\/\/rokmp.de\/kontaktyi\/\",\"name\":\"Kontakt - Berliner Di\u00f6zese der Russischen Orthodoxen Kirche (Kd\u00f6R)\",\"isPartOf\":{\"@id\":\"https:\/\/rokmp.de\/#website\"},\"datePublished\":\"2013-04-30T06:15:52+00:00\",\"dateModified\":\"2018-07-18T16:08:08+00:00\",\"breadcrumb\":{\"@id\":\"https:\/\/rokmp.de\/kontaktyi\/#breadcrumb\"},\"inLanguage\":\"de\",\"potentialAction\":[{\"@type\":\"ReadAction\",\"target\":[\"https:\/\/rokmp.de\/kontaktyi\/\"]}]},{\"@type\":\"BreadcrumbList\",\"@id\":\"https:\/\/rokmp.de\/kontaktyi\/#breadcrumb\",\"itemListElement\":[{\"@type\":\"ListItem\",\"position\":1,\"name\":\"\u0413\u043b\u0430\u0432\u043d\u0430\u044f \u0441\u0442\u0440\u0430\u043d\u0438\u0446\u0430\",\"item\":\"https:\/\/rokmp.de\/\"},{\"@type\":\"ListItem\",\"position\":2,\"name\":\"\u041a\u043e\u043d\u0442\u0430\u043a\u0442\u044b\"}]},{\"@type\":\"WebSite\",\"@id\":\"https:\/\/rokmp.de\/#website\",\"url\":\"https:\/\/rokmp.de\/\",\"name\":\"Berliner Di\u00f6zese der Russischen Orthodoxen Kirche (Kd\u00f6R)\",\"description\":\"(\u0420\u0443\u0441\u0441\u043a\u0438\u0439) \u041e\u0444\u0438\u0446\u0438\u0430\u043b\u044c\u043d\u044b\u0439 \u0441\u0430\u0439\u0442 \u0420\u0443\u0441\u0441\u043a\u043e\u0439 \u041f\u0440\u0430\u0432\u043e\u0441\u043b\u0430\u0432\u043d\u043e\u0439 \u0426\u0435\u0440\u043a\u0432\u0438. \u0411\u0435\u0440\u043b\u0438\u043d\u0441\u043a\u043e-\u0413\u0435\u0440\u043c\u0430\u043d\u0441\u043a\u0430\u044f \u0435\u043f\u0430\u0440\u0445\u0438\u044f.\",\"potentialAction\":[{\"@type\":\"SearchAction\",\"target\":{\"@type\":\"EntryPoint\",\"urlTemplate\":\"https:\/\/rokmp.de\/?s={search_term_string}\"},\"query-input\":{\"@type\":\"PropertyValueSpecification\",\"valueRequired\":true,\"valueName\":\"search_term_string\"}}],\"inLanguage\":\"de\"}]}<\/script>\n<!-- \/ Yoast SEO plugin. -->","yoast_head_json":{"title":"Kontakt - Berliner Di\u00f6zese der Russischen Orthodoxen Kirche (Kd\u00f6R)","robots":{"index":"index","follow":"follow","max-snippet":"max-snippet:-1","max-image-preview":"max-image-preview:large","max-video-preview":"max-video-preview:-1"},"canonical":"https:\/\/rokmp.de\/kontaktyi\/","og_locale":"de_DE","og_type":"article","og_title":"Kontakt - Berliner Di\u00f6zese der Russischen Orthodoxen Kirche (Kd\u00f6R)","og_description":"Berliner Di\u00f6zese der Russischen Orthodoxen Kirche des Moskauer Patriarchats Telefon:...","og_url":"https:\/\/rokmp.de\/kontaktyi\/","og_site_name":"Berliner Di\u00f6zese der Russischen Orthodoxen Kirche (Kd\u00f6R)","article_modified_time":"2018-07-18T16:08:08+00:00","twitter_card":"summary_large_image","schema":{"@context":"https:\/\/schema.org","@graph":[{"@type":"WebPage","@id":"https:\/\/rokmp.de\/kontaktyi\/","url":"https:\/\/rokmp.de\/kontaktyi\/","name":"Kontakt - Berliner Di\u00f6zese der Russischen Orthodoxen Kirche (Kd\u00f6R)","isPartOf":{"@id":"https:\/\/rokmp.de\/#website"},"datePublished":"2013-04-30T06:15:52+00:00","dateModified":"2018-07-18T16:08:08+00:00","breadcrumb":{"@id":"https:\/\/rokmp.de\/kontaktyi\/#breadcrumb"},"inLanguage":"de","potentialAction":[{"@type":"ReadAction","target":["https:\/\/rokmp.de\/kontaktyi\/"]}]},{"@type":"BreadcrumbList","@id":"https:\/\/rokmp.de\/kontaktyi\/#breadcrumb","itemListElement":[{"@type":"ListItem","position":1,"name":"\u0413\u043b\u0430\u0432\u043d\u0430\u044f \u0441\u0442\u0440\u0430\u043d\u0438\u0446\u0430","item":"https:\/\/rokmp.de\/"},{"@type":"ListItem","position":2,"name":"\u041a\u043e\u043d\u0442\u0430\u043a\u0442\u044b"}]},{"@type":"WebSite","@id":"https:\/\/rokmp.de\/#website","url":"https:\/\/rokmp.de\/","name":"Berliner Di\u00f6zese der Russischen Orthodoxen Kirche (Kd\u00f6R)","description":"(\u0420\u0443\u0441\u0441\u043a\u0438\u0439) \u041e\u0444\u0438\u0446\u0438\u0430\u043b\u044c\u043d\u044b\u0439 \u0441\u0430\u0439\u0442 \u0420\u0443\u0441\u0441\u043a\u043e\u0439 \u041f\u0440\u0430\u0432\u043e\u0441\u043b\u0430\u0432\u043d\u043e\u0439 \u0426\u0435\u0440\u043a\u0432\u0438. \u0411\u0435\u0440\u043b\u0438\u043d\u0441\u043a\u043e-\u0413\u0435\u0440\u043c\u0430\u043d\u0441\u043a\u0430\u044f \u0435\u043f\u0430\u0440\u0445\u0438\u044f.","potentialAction":[{"@type":"SearchAction","target":{"@type":"EntryPoint","urlTemplate":"https:\/\/rokmp.de\/?s={search_term_string}"},"query-input":{"@type":"PropertyValueSpecification","valueRequired":true,"valueName":"search_term_string"}}],"inLanguage":"de"}]}},"jetpack_sharing_enabled":true,"_links":{"self":[{"href":"https:\/\/rokmp.de\/de\/wp-json\/wp\/v2\/pages\/1094","targetHints":{"allow":["GET"]}}],"collection":[{"href":"https:\/\/rokmp.de\/de\/wp-json\/wp\/v2\/pages"}],"about":[{"href":"https:\/\/rokmp.de\/de\/wp-json\/wp\/v2\/types\/page"}],"author":[{"embeddable":true,"href":"https:\/\/rokmp.de\/de\/wp-json\/wp\/v2\/users\/88"}],"replies":[{"embeddable":true,"href":"https:\/\/rokmp.de\/de\/wp-json\/wp\/v2\/comments?post=1094"}],"version-history":[{"count":8,"href":"https:\/\/rokmp.de\/de\/wp-json\/wp\/v2\/pages\/1094\/revisions"}],"predecessor-version":[{"id":15898,"href":"https:\/\/rokmp.de\/de\/wp-json\/wp\/v2\/pages\/1094\/revisions\/15898"}],"wp:attachment":[{"href":"https:\/\/rokmp.de\/de\/wp-json\/wp\/v2\/media?parent=1094"}],"curies":[{"name":"wp","href":"https:\/\/api.w.org\/{rel}","templated":true}]}}