{"id":3024,"date":"2013-05-30T15:18:32","date_gmt":"2013-05-30T11:18:32","guid":{"rendered":"https:\/\/www.rokmp.de\/?page_id=3024"},"modified":"2022-07-06T14:16:23","modified_gmt":"2022-07-06T11:16:23","slug":"eparhialnoe-upravlenie","status":"publish","type":"page","link":"https:\/\/rokmp.de\/de\/eparhiya\/eparhialnoe-upravlenie\/","title":{"rendered":"Di\u00f6zesanverwaltung"},"content":{"rendered":"<p><em>Postadresse: Wildensteiner Str. 10, 10318 Berlin<\/em><\/p>\n<p><strong>Erzbischof Tichon von Rusa\u00a0<\/strong><\/p>\n<p><strong>Kanzlei:<\/strong><\/p>\n<p>Tel: 030\/ 503 794 88<\/p>\n<p>Fax: 030\/ 509 81 53<\/p>\n<p>E\u2013Mail.: dioezese@rokmp.de<\/p>\n<p><strong>Di\u00f6zesansekret\u00e4r: Erzpriester Michail Divakov<\/strong><\/p>\n<p>Tel.: 030\/ 851 032 02<\/p>\n<p>Fax: 030\/ 509 81 53<\/p>\n<p><strong>Leiterin der Di\u00f6zesankanzlei: Nonne Sergija (Kljueva)<\/strong><\/p>\n<p>Tel.: 01514 6186443<\/p>","protected":false},"excerpt":{"rendered":"<p>Postadresse: Wildensteiner Str. 10, 10318 Berlin Erzbischof Tichon von Rusa\u00a0&#8230;<\/p>\n","protected":false},"author":88,"featured_media":0,"parent":1082,"menu_order":2,"comment_status":"open","ping_status":"closed","template":"","meta":{"_acf_changed":false,"footnotes":""},"class_list":["post-3024","page","type-page","status-publish","hentry"],"acf":[],"yoast_head":"<!-- This site is optimized with the Yoast SEO plugin v24.9 - https:\/\/yoast.com\/wordpress\/plugins\/seo\/ -->\n<title>Di\u00f6zesanverwaltung - Berliner Di\u00f6zese der Russischen Orthodoxen Kirche (Kd\u00f6R)<\/title>\n<meta name=\"robots\" content=\"index, follow, max-snippet:-1, max-image-preview:large, max-video-preview:-1\" \/>\n<link rel=\"canonical\" href=\"https:\/\/rokmp.de\/eparhiya\/eparhialnoe-upravlenie\/\" \/>\n<meta property=\"og:locale\" content=\"de_DE\" \/>\n<meta property=\"og:type\" content=\"article\" \/>\n<meta property=\"og:title\" content=\"Di\u00f6zesanverwaltung - Berliner Di\u00f6zese der Russischen Orthodoxen Kirche (Kd\u00f6R)\" \/>\n<meta property=\"og:description\" content=\"Postadresse: Wildensteiner Str. 10, 10318 Berlin Erzbischof Tichon von Rusa\u00a0...\" \/>\n<meta property=\"og:url\" content=\"https:\/\/rokmp.de\/eparhiya\/eparhialnoe-upravlenie\/\" \/>\n<meta property=\"og:site_name\" content=\"Berliner Di\u00f6zese der Russischen Orthodoxen Kirche (Kd\u00f6R)\" \/>\n<meta property=\"article:modified_time\" content=\"2022-07-06T11:16:23+00:00\" \/>\n<meta name=\"twitter:card\" content=\"summary_large_image\" \/>\n<meta name=\"twitter:label1\" content=\"Gesch\u00e4tzte Lesezeit\" \/>\n\t<meta name=\"twitter:data1\" content=\"1\u00a0Minute\" \/>\n<script type=\"application\/ld+json\" class=\"yoast-schema-graph\">{\"@context\":\"https:\/\/schema.org\",\"@graph\":[{\"@type\":\"WebPage\",\"@id\":\"https:\/\/rokmp.de\/eparhiya\/eparhialnoe-upravlenie\/\",\"url\":\"https:\/\/rokmp.de\/eparhiya\/eparhialnoe-upravlenie\/\",\"name\":\"Di\u00f6zesanverwaltung - Berliner Di\u00f6zese der Russischen Orthodoxen Kirche (Kd\u00f6R)\",\"isPartOf\":{\"@id\":\"https:\/\/rokmp.de\/#website\"},\"datePublished\":\"2013-05-30T11:18:32+00:00\",\"dateModified\":\"2022-07-06T11:16:23+00:00\",\"breadcrumb\":{\"@id\":\"https:\/\/rokmp.de\/eparhiya\/eparhialnoe-upravlenie\/#breadcrumb\"},\"inLanguage\":\"de\",\"potentialAction\":[{\"@type\":\"ReadAction\",\"target\":[\"https:\/\/rokmp.de\/eparhiya\/eparhialnoe-upravlenie\/\"]}]},{\"@type\":\"BreadcrumbList\",\"@id\":\"https:\/\/rokmp.de\/eparhiya\/eparhialnoe-upravlenie\/#breadcrumb\",\"itemListElement\":[{\"@type\":\"ListItem\",\"position\":1,\"name\":\"\u0413\u043b\u0430\u0432\u043d\u0430\u044f \u0441\u0442\u0440\u0430\u043d\u0438\u0446\u0430\",\"item\":\"https:\/\/rokmp.de\/\"},{\"@type\":\"ListItem\",\"position\":2,\"name\":\"\u0415\u043f\u0430\u0440\u0445\u0438\u044f\",\"item\":\"https:\/\/rokmp.de\/eparhiya\/\"},{\"@type\":\"ListItem\",\"position\":3,\"name\":\"\u0415\u043f\u0430\u0440\u0445\u0438\u0430\u043b\u044c\u043d\u043e\u0435 \u0443\u043f\u0440\u0430\u0432\u043b\u0435\u043d\u0438\u0435\"}]},{\"@type\":\"WebSite\",\"@id\":\"https:\/\/rokmp.de\/#website\",\"url\":\"https:\/\/rokmp.de\/\",\"name\":\"Berliner Di\u00f6zese der Russischen Orthodoxen Kirche (Kd\u00f6R)\",\"description\":\"(\u0420\u0443\u0441\u0441\u043a\u0438\u0439) \u041e\u0444\u0438\u0446\u0438\u0430\u043b\u044c\u043d\u044b\u0439 \u0441\u0430\u0439\u0442 \u0420\u0443\u0441\u0441\u043a\u043e\u0439 \u041f\u0440\u0430\u0432\u043e\u0441\u043b\u0430\u0432\u043d\u043e\u0439 \u0426\u0435\u0440\u043a\u0432\u0438. \u0411\u0435\u0440\u043b\u0438\u043d\u0441\u043a\u043e-\u0413\u0435\u0440\u043c\u0430\u043d\u0441\u043a\u0430\u044f \u0435\u043f\u0430\u0440\u0445\u0438\u044f.\",\"potentialAction\":[{\"@type\":\"SearchAction\",\"target\":{\"@type\":\"EntryPoint\",\"urlTemplate\":\"https:\/\/rokmp.de\/?s={search_term_string}\"},\"query-input\":{\"@type\":\"PropertyValueSpecification\",\"valueRequired\":true,\"valueName\":\"search_term_string\"}}],\"inLanguage\":\"de\"}]}<\/script>\n<!-- \/ Yoast SEO plugin. -->","yoast_head_json":{"title":"Di\u00f6zesanverwaltung - Berliner Di\u00f6zese der Russischen Orthodoxen Kirche (Kd\u00f6R)","robots":{"index":"index","follow":"follow","max-snippet":"max-snippet:-1","max-image-preview":"max-image-preview:large","max-video-preview":"max-video-preview:-1"},"canonical":"https:\/\/rokmp.de\/eparhiya\/eparhialnoe-upravlenie\/","og_locale":"de_DE","og_type":"article","og_title":"Di\u00f6zesanverwaltung - Berliner Di\u00f6zese der Russischen Orthodoxen Kirche (Kd\u00f6R)","og_description":"Postadresse: Wildensteiner Str. 10, 10318 Berlin Erzbischof Tichon von Rusa\u00a0...","og_url":"https:\/\/rokmp.de\/eparhiya\/eparhialnoe-upravlenie\/","og_site_name":"Berliner Di\u00f6zese der Russischen Orthodoxen Kirche (Kd\u00f6R)","article_modified_time":"2022-07-06T11:16:23+00:00","twitter_card":"summary_large_image","twitter_misc":{"Gesch\u00e4tzte Lesezeit":"1\u00a0Minute"},"schema":{"@context":"https:\/\/schema.org","@graph":[{"@type":"WebPage","@id":"https:\/\/rokmp.de\/eparhiya\/eparhialnoe-upravlenie\/","url":"https:\/\/rokmp.de\/eparhiya\/eparhialnoe-upravlenie\/","name":"Di\u00f6zesanverwaltung - Berliner Di\u00f6zese der Russischen Orthodoxen Kirche (Kd\u00f6R)","isPartOf":{"@id":"https:\/\/rokmp.de\/#website"},"datePublished":"2013-05-30T11:18:32+00:00","dateModified":"2022-07-06T11:16:23+00:00","breadcrumb":{"@id":"https:\/\/rokmp.de\/eparhiya\/eparhialnoe-upravlenie\/#breadcrumb"},"inLanguage":"de","potentialAction":[{"@type":"ReadAction","target":["https:\/\/rokmp.de\/eparhiya\/eparhialnoe-upravlenie\/"]}]},{"@type":"BreadcrumbList","@id":"https:\/\/rokmp.de\/eparhiya\/eparhialnoe-upravlenie\/#breadcrumb","itemListElement":[{"@type":"ListItem","position":1,"name":"\u0413\u043b\u0430\u0432\u043d\u0430\u044f \u0441\u0442\u0440\u0430\u043d\u0438\u0446\u0430","item":"https:\/\/rokmp.de\/"},{"@type":"ListItem","position":2,"name":"\u0415\u043f\u0430\u0440\u0445\u0438\u044f","item":"https:\/\/rokmp.de\/eparhiya\/"},{"@type":"ListItem","position":3,"name":"\u0415\u043f\u0430\u0440\u0445\u0438\u0430\u043b\u044c\u043d\u043e\u0435 \u0443\u043f\u0440\u0430\u0432\u043b\u0435\u043d\u0438\u0435"}]},{"@type":"WebSite","@id":"https:\/\/rokmp.de\/#website","url":"https:\/\/rokmp.de\/","name":"Berliner Di\u00f6zese der Russischen Orthodoxen Kirche (Kd\u00f6R)","description":"(\u0420\u0443\u0441\u0441\u043a\u0438\u0439) \u041e\u0444\u0438\u0446\u0438\u0430\u043b\u044c\u043d\u044b\u0439 \u0441\u0430\u0439\u0442 \u0420\u0443\u0441\u0441\u043a\u043e\u0439 \u041f\u0440\u0430\u0432\u043e\u0441\u043b\u0430\u0432\u043d\u043e\u0439 \u0426\u0435\u0440\u043a\u0432\u0438. \u0411\u0435\u0440\u043b\u0438\u043d\u0441\u043a\u043e-\u0413\u0435\u0440\u043c\u0430\u043d\u0441\u043a\u0430\u044f \u0435\u043f\u0430\u0440\u0445\u0438\u044f.","potentialAction":[{"@type":"SearchAction","target":{"@type":"EntryPoint","urlTemplate":"https:\/\/rokmp.de\/?s={search_term_string}"},"query-input":{"@type":"PropertyValueSpecification","valueRequired":true,"valueName":"search_term_string"}}],"inLanguage":"de"}]}},"jetpack_sharing_enabled":true,"_links":{"self":[{"href":"https:\/\/rokmp.de\/de\/wp-json\/wp\/v2\/pages\/3024","targetHints":{"allow":["GET"]}}],"collection":[{"href":"https:\/\/rokmp.de\/de\/wp-json\/wp\/v2\/pages"}],"about":[{"href":"https:\/\/rokmp.de\/de\/wp-json\/wp\/v2\/types\/page"}],"author":[{"embeddable":true,"href":"https:\/\/rokmp.de\/de\/wp-json\/wp\/v2\/users\/88"}],"replies":[{"embeddable":true,"href":"https:\/\/rokmp.de\/de\/wp-json\/wp\/v2\/comments?post=3024"}],"version-history":[{"count":14,"href":"https:\/\/rokmp.de\/de\/wp-json\/wp\/v2\/pages\/3024\/revisions"}],"predecessor-version":[{"id":31620,"href":"https:\/\/rokmp.de\/de\/wp-json\/wp\/v2\/pages\/3024\/revisions\/31620"}],"up":[{"embeddable":true,"href":"https:\/\/rokmp.de\/de\/wp-json\/wp\/v2\/pages\/1082"}],"wp:attachment":[{"href":"https:\/\/rokmp.de\/de\/wp-json\/wp\/v2\/media?parent=3024"}],"curies":[{"name":"wp","href":"https:\/\/api.w.org\/{rel}","templated":true}]}}