{"id":3031,"date":"2013-05-30T15:34:42","date_gmt":"2013-05-30T11:34:42","guid":{"rendered":"https:\/\/www.rokmp.de\/?page_id=3031"},"modified":"2025-04-01T20:58:28","modified_gmt":"2025-04-01T17:58:28","slug":"eparhialnyiy-sovet","status":"publish","type":"page","link":"https:\/\/rokmp.de\/de\/eparhiya\/eparhialnyiy-sovet\/","title":{"rendered":"Di\u00f6zesanrat"},"content":{"rendered":"<p><strong>1. Erzbischof Tichon von Rusa \u2013 Vorsitzender des Rates<\/strong><\/p>\n<p>Tel: 030\/ 503 794 88<\/p>\n<p>Fax: 030\/ 509 81 53<\/p>\n<p>Emailadresse: dioezese@rokmp.de<\/p>\n<p><strong>2. Erzpriester Michail Divakov, Sekret\u00e4r der Di\u00f6zese von Berlin und Deutschland<\/strong><\/p>\n<p>Tel.: 030\/ 851 032 02<\/p>\n<p>Fax: 030\/ 509 81 53<\/p>\n<p><strong>3. Archimandrit Iosif (Pustoutov), Dekan des Dekanats West<\/strong><\/p>\n<p>Tel.: 0241\/ 979 09 19<\/p>\n<p>Fax.: 0241\/ 979 09 19<\/p>\n<p>Mobil: 0173\/ 268 97 67<\/p>\n<p>E-Mail: orth.dekan.west@gmail.com<\/p>\n<p><strong>4. Erzpriester Georgij Antoniuk, Dekan des Dekanats Ost<\/strong><\/p>\n<p>Tel.: 030\/ 501 76 590<\/p>\n<p>E-Mail.: g-antoniuk@mail.ru<\/p>\n<p><strong>5. Erzpriester Petr Stepanov, Dekan des Dekanats Bayern und Hessen<\/strong><\/p>\n<p>Tel.: 0911\/ 237 39 774<\/p>\n<p>Fax.: 0911\/ 237 39 775<\/p>\n<p>E-Mail.: stepanov@gmx.de<\/p>\n<p><strong>6. Erzpriester Boris Ustimenko, Dekan des Dekanats Nord<\/strong><\/p>\n<p>Tel.: 0391\/ 662 45 05<\/p>\n<p>Fax.: 0391\/ 744 87 94<\/p>\n<p>E-Mail.: rok-md@gmx.de<\/p>\n<p><strong>7. Erzpriester Sergii Baburin, Dekan des Dekanats Hamburg<\/strong><\/p>\n<p>Tel.: 040\/ 209 73 817<\/p>\n<p>Fax: 040\/ 673 06 627;<\/p>\n<p>Mobil.: 0173\/ 231 10 55<\/p>\n<p>E-Mail<\/p>\n<p>baburin@hamburg-hram.de<\/p>\n<p><strong>8. Igumen Daniil (Irbits), Vertreter des M\u00f6nchsklerus der Di\u00f6zese von Berlin und Deutschland<\/strong><\/p>\n<p>Mobil.: 0171\/ 434 04 44<\/p>\n<p>E-Mail.: irbits@yandex.ru<\/p>\n<p><strong>9. Igumen Maxim (Schmidt), Sekret\u00e4r des Di\u00f6zesanrates<\/strong><\/p>\n<p>Tel.: 0731\/ 184 91 65<\/p>\n<p>Fax.: 0731\/ 184 91 66<\/p>\n<p>E-Mail.: maxim_schmidt@mail.ru<\/p>\n<p><strong>10. Erzpriester Mihail Rahr, Vertreter des deutschsprachigen Klerus der Di\u00f6zese von Berlin und Deutschland<\/strong><\/p>\n<p>Tel.: 03643\/77 17 87<\/p>\n<p>Tel.\/Fax: 03643\/ 42 60 68<\/p>\n<p>E-Mail.: Pr.Mihail.Rahr@arcor.de<\/p>\n<p><strong>11. \u00a0Erzpriester Michail Dronov, Vorsitzender des Di\u00f6zesangerichtes, Pfarrer der Gemeinde des hl. Nikolaus in Freiburg<\/strong><\/p>\n<p>E-mail:\u00a0dronov@orthofr.de<\/p>","protected":false},"excerpt":{"rendered":"<p>1. Erzbischof Tichon von Rusa \u2013 Vorsitzender des Rates Tel:&#8230;<\/p>\n","protected":false},"author":88,"featured_media":0,"parent":1082,"menu_order":0,"comment_status":"open","ping_status":"closed","template":"","meta":{"_acf_changed":false,"footnotes":""},"class_list":["post-3031","page","type-page","status-publish","hentry"],"acf":[],"yoast_head":"<!-- This site is optimized with the Yoast SEO plugin v24.9 - https:\/\/yoast.com\/wordpress\/plugins\/seo\/ -->\n<title>Di\u00f6zesanrat - Berliner Di\u00f6zese der Russischen Orthodoxen Kirche (Kd\u00f6R)<\/title>\n<meta name=\"robots\" content=\"index, follow, max-snippet:-1, max-image-preview:large, max-video-preview:-1\" \/>\n<link rel=\"canonical\" href=\"https:\/\/rokmp.de\/eparhiya\/eparhialnyiy-sovet\/\" \/>\n<meta property=\"og:locale\" content=\"de_DE\" \/>\n<meta property=\"og:type\" content=\"article\" \/>\n<meta property=\"og:title\" content=\"Di\u00f6zesanrat - Berliner Di\u00f6zese der Russischen Orthodoxen Kirche (Kd\u00f6R)\" \/>\n<meta property=\"og:description\" content=\"1. Erzbischof Tichon von Rusa \u2013 Vorsitzender des Rates Tel:...\" \/>\n<meta property=\"og:url\" content=\"https:\/\/rokmp.de\/eparhiya\/eparhialnyiy-sovet\/\" \/>\n<meta property=\"og:site_name\" content=\"Berliner Di\u00f6zese der Russischen Orthodoxen Kirche (Kd\u00f6R)\" \/>\n<meta property=\"article:modified_time\" content=\"2025-04-01T17:58:28+00:00\" \/>\n<meta name=\"twitter:card\" content=\"summary_large_image\" \/>\n<meta name=\"twitter:label1\" content=\"Gesch\u00e4tzte Lesezeit\" \/>\n\t<meta name=\"twitter:data1\" content=\"2\u00a0Minuten\" \/>\n<script type=\"application\/ld+json\" class=\"yoast-schema-graph\">{\"@context\":\"https:\/\/schema.org\",\"@graph\":[{\"@type\":\"WebPage\",\"@id\":\"https:\/\/rokmp.de\/eparhiya\/eparhialnyiy-sovet\/\",\"url\":\"https:\/\/rokmp.de\/eparhiya\/eparhialnyiy-sovet\/\",\"name\":\"Di\u00f6zesanrat - Berliner Di\u00f6zese der Russischen Orthodoxen Kirche (Kd\u00f6R)\",\"isPartOf\":{\"@id\":\"https:\/\/rokmp.de\/#website\"},\"datePublished\":\"2013-05-30T11:34:42+00:00\",\"dateModified\":\"2025-04-01T17:58:28+00:00\",\"breadcrumb\":{\"@id\":\"https:\/\/rokmp.de\/eparhiya\/eparhialnyiy-sovet\/#breadcrumb\"},\"inLanguage\":\"de\",\"potentialAction\":[{\"@type\":\"ReadAction\",\"target\":[\"https:\/\/rokmp.de\/eparhiya\/eparhialnyiy-sovet\/\"]}]},{\"@type\":\"BreadcrumbList\",\"@id\":\"https:\/\/rokmp.de\/eparhiya\/eparhialnyiy-sovet\/#breadcrumb\",\"itemListElement\":[{\"@type\":\"ListItem\",\"position\":1,\"name\":\"\u0413\u043b\u0430\u0432\u043d\u0430\u044f \u0441\u0442\u0440\u0430\u043d\u0438\u0446\u0430\",\"item\":\"https:\/\/rokmp.de\/\"},{\"@type\":\"ListItem\",\"position\":2,\"name\":\"\u0415\u043f\u0430\u0440\u0445\u0438\u044f\",\"item\":\"https:\/\/rokmp.de\/eparhiya\/\"},{\"@type\":\"ListItem\",\"position\":3,\"name\":\"\u0415\u043f\u0430\u0440\u0445\u0438\u0430\u043b\u044c\u043d\u044b\u0439 \u0441\u043e\u0432\u0435\u0442\"}]},{\"@type\":\"WebSite\",\"@id\":\"https:\/\/rokmp.de\/#website\",\"url\":\"https:\/\/rokmp.de\/\",\"name\":\"Berliner Di\u00f6zese der Russischen Orthodoxen Kirche (Kd\u00f6R)\",\"description\":\"(\u0420\u0443\u0441\u0441\u043a\u0438\u0439) \u041e\u0444\u0438\u0446\u0438\u0430\u043b\u044c\u043d\u044b\u0439 \u0441\u0430\u0439\u0442 \u0420\u0443\u0441\u0441\u043a\u043e\u0439 \u041f\u0440\u0430\u0432\u043e\u0441\u043b\u0430\u0432\u043d\u043e\u0439 \u0426\u0435\u0440\u043a\u0432\u0438. \u0411\u0435\u0440\u043b\u0438\u043d\u0441\u043a\u043e-\u0413\u0435\u0440\u043c\u0430\u043d\u0441\u043a\u0430\u044f \u0435\u043f\u0430\u0440\u0445\u0438\u044f.\",\"potentialAction\":[{\"@type\":\"SearchAction\",\"target\":{\"@type\":\"EntryPoint\",\"urlTemplate\":\"https:\/\/rokmp.de\/?s={search_term_string}\"},\"query-input\":{\"@type\":\"PropertyValueSpecification\",\"valueRequired\":true,\"valueName\":\"search_term_string\"}}],\"inLanguage\":\"de\"}]}<\/script>\n<!-- \/ Yoast SEO plugin. -->","yoast_head_json":{"title":"Di\u00f6zesanrat - Berliner Di\u00f6zese der Russischen Orthodoxen Kirche (Kd\u00f6R)","robots":{"index":"index","follow":"follow","max-snippet":"max-snippet:-1","max-image-preview":"max-image-preview:large","max-video-preview":"max-video-preview:-1"},"canonical":"https:\/\/rokmp.de\/eparhiya\/eparhialnyiy-sovet\/","og_locale":"de_DE","og_type":"article","og_title":"Di\u00f6zesanrat - Berliner Di\u00f6zese der Russischen Orthodoxen Kirche (Kd\u00f6R)","og_description":"1. Erzbischof Tichon von Rusa \u2013 Vorsitzender des Rates Tel:...","og_url":"https:\/\/rokmp.de\/eparhiya\/eparhialnyiy-sovet\/","og_site_name":"Berliner Di\u00f6zese der Russischen Orthodoxen Kirche (Kd\u00f6R)","article_modified_time":"2025-04-01T17:58:28+00:00","twitter_card":"summary_large_image","twitter_misc":{"Gesch\u00e4tzte Lesezeit":"2\u00a0Minuten"},"schema":{"@context":"https:\/\/schema.org","@graph":[{"@type":"WebPage","@id":"https:\/\/rokmp.de\/eparhiya\/eparhialnyiy-sovet\/","url":"https:\/\/rokmp.de\/eparhiya\/eparhialnyiy-sovet\/","name":"Di\u00f6zesanrat - Berliner Di\u00f6zese der Russischen Orthodoxen Kirche (Kd\u00f6R)","isPartOf":{"@id":"https:\/\/rokmp.de\/#website"},"datePublished":"2013-05-30T11:34:42+00:00","dateModified":"2025-04-01T17:58:28+00:00","breadcrumb":{"@id":"https:\/\/rokmp.de\/eparhiya\/eparhialnyiy-sovet\/#breadcrumb"},"inLanguage":"de","potentialAction":[{"@type":"ReadAction","target":["https:\/\/rokmp.de\/eparhiya\/eparhialnyiy-sovet\/"]}]},{"@type":"BreadcrumbList","@id":"https:\/\/rokmp.de\/eparhiya\/eparhialnyiy-sovet\/#breadcrumb","itemListElement":[{"@type":"ListItem","position":1,"name":"\u0413\u043b\u0430\u0432\u043d\u0430\u044f \u0441\u0442\u0440\u0430\u043d\u0438\u0446\u0430","item":"https:\/\/rokmp.de\/"},{"@type":"ListItem","position":2,"name":"\u0415\u043f\u0430\u0440\u0445\u0438\u044f","item":"https:\/\/rokmp.de\/eparhiya\/"},{"@type":"ListItem","position":3,"name":"\u0415\u043f\u0430\u0440\u0445\u0438\u0430\u043b\u044c\u043d\u044b\u0439 \u0441\u043e\u0432\u0435\u0442"}]},{"@type":"WebSite","@id":"https:\/\/rokmp.de\/#website","url":"https:\/\/rokmp.de\/","name":"Berliner Di\u00f6zese der Russischen Orthodoxen Kirche (Kd\u00f6R)","description":"(\u0420\u0443\u0441\u0441\u043a\u0438\u0439) \u041e\u0444\u0438\u0446\u0438\u0430\u043b\u044c\u043d\u044b\u0439 \u0441\u0430\u0439\u0442 \u0420\u0443\u0441\u0441\u043a\u043e\u0439 \u041f\u0440\u0430\u0432\u043e\u0441\u043b\u0430\u0432\u043d\u043e\u0439 \u0426\u0435\u0440\u043a\u0432\u0438. \u0411\u0435\u0440\u043b\u0438\u043d\u0441\u043a\u043e-\u0413\u0435\u0440\u043c\u0430\u043d\u0441\u043a\u0430\u044f \u0435\u043f\u0430\u0440\u0445\u0438\u044f.","potentialAction":[{"@type":"SearchAction","target":{"@type":"EntryPoint","urlTemplate":"https:\/\/rokmp.de\/?s={search_term_string}"},"query-input":{"@type":"PropertyValueSpecification","valueRequired":true,"valueName":"search_term_string"}}],"inLanguage":"de"}]}},"jetpack_sharing_enabled":true,"_links":{"self":[{"href":"https:\/\/rokmp.de\/de\/wp-json\/wp\/v2\/pages\/3031","targetHints":{"allow":["GET"]}}],"collection":[{"href":"https:\/\/rokmp.de\/de\/wp-json\/wp\/v2\/pages"}],"about":[{"href":"https:\/\/rokmp.de\/de\/wp-json\/wp\/v2\/types\/page"}],"author":[{"embeddable":true,"href":"https:\/\/rokmp.de\/de\/wp-json\/wp\/v2\/users\/88"}],"replies":[{"embeddable":true,"href":"https:\/\/rokmp.de\/de\/wp-json\/wp\/v2\/comments?post=3031"}],"version-history":[{"count":18,"href":"https:\/\/rokmp.de\/de\/wp-json\/wp\/v2\/pages\/3031\/revisions"}],"predecessor-version":[{"id":39950,"href":"https:\/\/rokmp.de\/de\/wp-json\/wp\/v2\/pages\/3031\/revisions\/39950"}],"up":[{"embeddable":true,"href":"https:\/\/rokmp.de\/de\/wp-json\/wp\/v2\/pages\/1082"}],"wp:attachment":[{"href":"https:\/\/rokmp.de\/de\/wp-json\/wp\/v2\/media?parent=3031"}],"curies":[{"name":"wp","href":"https:\/\/api.w.org\/{rel}","templated":true}]}}