{"id":3034,"date":"2013-05-30T15:36:56","date_gmt":"2013-05-30T11:36:56","guid":{"rendered":"https:\/\/www.rokmp.de\/?page_id=3034"},"modified":"2025-04-01T19:31:49","modified_gmt":"2025-04-01T16:31:49","slug":"eparhialnyie-otdelyi","status":"publish","type":"page","link":"https:\/\/rokmp.de\/de\/eparhiya\/eparhialnyie-otdelyi\/","title":{"rendered":"Di\u00f6zesanabteilungen"},"content":{"rendered":"<p><strong>Abteilung f\u00fcr Bildung, Religionsunterricht und Katechese<\/strong><\/p>\n<p>Referentin: Dipl. theol. Kerstin Keller<\/p>\n<p>Tel.: 0231\/ 189 9795<\/p>\n<p>Mobil: 0173\/9842268<\/p>\n<p>E-mail: Kerstin_Keller@web.de<\/p>\n<p>Referent f\u00fcr das Gebiet \u201eKatechese und Arbeit in Gemeindesonntagsschulen\u201c: Diakon Andrej Mololkin \u2013E-mail:\u00a0mel73@inbox.ru<\/p>\n<p><strong>Informationsabteilung<\/strong><\/p>\n<p>Referent: Priester Evgeny Murzin<\/p>\n<p>E-mail: info@rokmp.de<\/p>\n<p><strong>Abteilung f\u00fcr Jugendarbeit<\/strong><\/p>\n<p>Referent: Priester Alexij Veselov<\/p>\n<p>Tel.: 0176 62696262<\/p>\n<p>\u0415-Mail: alexejveselov @gmail.com<\/p>\n<p><strong>Abteilung f\u00fcr Sozialdienst<\/strong><\/p>\n<p>Referent: Priester Eugen Theodor<\/p>\n<p>Tel.: 0177 8603833<\/p>\n<p>E-Mail: eugentheodor@yandex.ru<\/p>\n<p><strong>Abteilung f\u00fcr Frauen<\/strong><\/p>\n<p>Referentin: Dipl.theol. Kerstin Keller<\/p>\n<p>Tel.: 0231\/ 189 9795<\/p>\n<p>Mobil: 0173\/9842268<\/p>\n<p>E-mail: Kerstin_Keller@web.de<\/p>\n<p><strong>Abteilung f\u00fcr Kosaken-Arbeit<\/strong><\/p>\n<p>Referent: Priester Viktor Yakim<\/p>\n<p>Mobil.: 0173\/ 743 84 66<\/p>\n<p>E-Mail: yakim.viktor@rambler.ru<\/p>\n<p><strong>Abteilung f\u00fcr zwischenkirchliche Beziehungen<\/strong><\/p>\n<p>Referent: Bisch\u00f6flicher Rat Ipodiakon Nikolaj Thon<\/p>\n<p>Vertreter des Erzbischofs in der Arbeitsgemeinschaft Christlicher Kirchen (\u0410\u0421\u041a),<\/p>\n<p>Generalsekret\u00e4r der Orthodoxen Bischofskonferenz in Deutschland (OBKD)<\/p>\n<p>Tel.: 0231\/ 189 9795<\/p>\n<p>Mobil: 0152\/32790002 (oder: 0044\/7855 378\u00a0286)<\/p>\n<p>E-Mail: orthodoxe-kirche@web.de<\/p>\n<p><strong>Pilgerabteilung<\/strong><\/p>\n<p>Komm. Referent:\u00a0Erzpriester Petrs Pachalkovs<\/p>\n<p>Tel.: 030\/ 978 646 84<\/p>\n<p>Mobil.: 0173\/ 633 19 89<\/p>\n<p>E-Mail.: pbe1@gmx.de<\/p>\n<p><strong>Di\u00f6zesankonservator<\/strong><\/p>\n<p>Referent: Erzpriester Aleksandr Bertasc<\/p>","protected":false},"excerpt":{"rendered":"<p>Abteilung f\u00fcr Bildung, Religionsunterricht und Katechese Referentin: Dipl. theol. Kerstin&#8230;<\/p>\n","protected":false},"author":88,"featured_media":0,"parent":1082,"menu_order":2,"comment_status":"open","ping_status":"closed","template":"","meta":{"_acf_changed":false,"footnotes":""},"class_list":["post-3034","page","type-page","status-publish","hentry"],"acf":[],"yoast_head":"<!-- This site is optimized with the Yoast SEO plugin v24.9 - https:\/\/yoast.com\/wordpress\/plugins\/seo\/ -->\n<title>Di\u00f6zesanabteilungen - Berliner Di\u00f6zese der Russischen Orthodoxen Kirche (Kd\u00f6R)<\/title>\n<meta name=\"robots\" content=\"index, follow, max-snippet:-1, max-image-preview:large, max-video-preview:-1\" \/>\n<link rel=\"canonical\" href=\"https:\/\/rokmp.de\/eparhiya\/eparhialnyie-otdelyi\/\" \/>\n<meta property=\"og:locale\" content=\"de_DE\" \/>\n<meta property=\"og:type\" content=\"article\" \/>\n<meta property=\"og:title\" content=\"Di\u00f6zesanabteilungen - Berliner Di\u00f6zese der Russischen Orthodoxen Kirche (Kd\u00f6R)\" \/>\n<meta property=\"og:description\" content=\"Abteilung f\u00fcr Bildung, Religionsunterricht und Katechese Referentin: Dipl. theol. Kerstin...\" \/>\n<meta property=\"og:url\" content=\"https:\/\/rokmp.de\/eparhiya\/eparhialnyie-otdelyi\/\" \/>\n<meta property=\"og:site_name\" content=\"Berliner Di\u00f6zese der Russischen Orthodoxen Kirche (Kd\u00f6R)\" \/>\n<meta property=\"article:modified_time\" content=\"2025-04-01T16:31:49+00:00\" \/>\n<meta name=\"twitter:card\" content=\"summary_large_image\" \/>\n<meta name=\"twitter:label1\" content=\"Gesch\u00e4tzte Lesezeit\" \/>\n\t<meta name=\"twitter:data1\" content=\"1\u00a0Minute\" \/>\n<script type=\"application\/ld+json\" class=\"yoast-schema-graph\">{\"@context\":\"https:\/\/schema.org\",\"@graph\":[{\"@type\":\"WebPage\",\"@id\":\"https:\/\/rokmp.de\/eparhiya\/eparhialnyie-otdelyi\/\",\"url\":\"https:\/\/rokmp.de\/eparhiya\/eparhialnyie-otdelyi\/\",\"name\":\"Di\u00f6zesanabteilungen - Berliner Di\u00f6zese der Russischen Orthodoxen Kirche (Kd\u00f6R)\",\"isPartOf\":{\"@id\":\"https:\/\/rokmp.de\/#website\"},\"datePublished\":\"2013-05-30T11:36:56+00:00\",\"dateModified\":\"2025-04-01T16:31:49+00:00\",\"breadcrumb\":{\"@id\":\"https:\/\/rokmp.de\/eparhiya\/eparhialnyie-otdelyi\/#breadcrumb\"},\"inLanguage\":\"de\",\"potentialAction\":[{\"@type\":\"ReadAction\",\"target\":[\"https:\/\/rokmp.de\/eparhiya\/eparhialnyie-otdelyi\/\"]}]},{\"@type\":\"BreadcrumbList\",\"@id\":\"https:\/\/rokmp.de\/eparhiya\/eparhialnyie-otdelyi\/#breadcrumb\",\"itemListElement\":[{\"@type\":\"ListItem\",\"position\":1,\"name\":\"\u0413\u043b\u0430\u0432\u043d\u0430\u044f \u0441\u0442\u0440\u0430\u043d\u0438\u0446\u0430\",\"item\":\"https:\/\/rokmp.de\/\"},{\"@type\":\"ListItem\",\"position\":2,\"name\":\"\u0415\u043f\u0430\u0440\u0445\u0438\u044f\",\"item\":\"https:\/\/rokmp.de\/eparhiya\/\"},{\"@type\":\"ListItem\",\"position\":3,\"name\":\"\u0415\u043f\u0430\u0440\u0445\u0438\u0430\u043b\u044c\u043d\u044b\u0435 \u043e\u0442\u0434\u0435\u043b\u044b \u0438 \u0443\u0447\u0440\u0435\u0436\u0434\u0435\u043d\u0438\u044f\"}]},{\"@type\":\"WebSite\",\"@id\":\"https:\/\/rokmp.de\/#website\",\"url\":\"https:\/\/rokmp.de\/\",\"name\":\"Berliner Di\u00f6zese der Russischen Orthodoxen Kirche (Kd\u00f6R)\",\"description\":\"(\u0420\u0443\u0441\u0441\u043a\u0438\u0439) \u041e\u0444\u0438\u0446\u0438\u0430\u043b\u044c\u043d\u044b\u0439 \u0441\u0430\u0439\u0442 \u0420\u0443\u0441\u0441\u043a\u043e\u0439 \u041f\u0440\u0430\u0432\u043e\u0441\u043b\u0430\u0432\u043d\u043e\u0439 \u0426\u0435\u0440\u043a\u0432\u0438. \u0411\u0435\u0440\u043b\u0438\u043d\u0441\u043a\u043e-\u0413\u0435\u0440\u043c\u0430\u043d\u0441\u043a\u0430\u044f \u0435\u043f\u0430\u0440\u0445\u0438\u044f.\",\"potentialAction\":[{\"@type\":\"SearchAction\",\"target\":{\"@type\":\"EntryPoint\",\"urlTemplate\":\"https:\/\/rokmp.de\/?s={search_term_string}\"},\"query-input\":{\"@type\":\"PropertyValueSpecification\",\"valueRequired\":true,\"valueName\":\"search_term_string\"}}],\"inLanguage\":\"de\"}]}<\/script>\n<!-- \/ Yoast SEO plugin. -->","yoast_head_json":{"title":"Di\u00f6zesanabteilungen - Berliner Di\u00f6zese der Russischen Orthodoxen Kirche (Kd\u00f6R)","robots":{"index":"index","follow":"follow","max-snippet":"max-snippet:-1","max-image-preview":"max-image-preview:large","max-video-preview":"max-video-preview:-1"},"canonical":"https:\/\/rokmp.de\/eparhiya\/eparhialnyie-otdelyi\/","og_locale":"de_DE","og_type":"article","og_title":"Di\u00f6zesanabteilungen - Berliner Di\u00f6zese der Russischen Orthodoxen Kirche (Kd\u00f6R)","og_description":"Abteilung f\u00fcr Bildung, Religionsunterricht und Katechese Referentin: Dipl. theol. Kerstin...","og_url":"https:\/\/rokmp.de\/eparhiya\/eparhialnyie-otdelyi\/","og_site_name":"Berliner Di\u00f6zese der Russischen Orthodoxen Kirche (Kd\u00f6R)","article_modified_time":"2025-04-01T16:31:49+00:00","twitter_card":"summary_large_image","twitter_misc":{"Gesch\u00e4tzte Lesezeit":"1\u00a0Minute"},"schema":{"@context":"https:\/\/schema.org","@graph":[{"@type":"WebPage","@id":"https:\/\/rokmp.de\/eparhiya\/eparhialnyie-otdelyi\/","url":"https:\/\/rokmp.de\/eparhiya\/eparhialnyie-otdelyi\/","name":"Di\u00f6zesanabteilungen - Berliner Di\u00f6zese der Russischen Orthodoxen Kirche (Kd\u00f6R)","isPartOf":{"@id":"https:\/\/rokmp.de\/#website"},"datePublished":"2013-05-30T11:36:56+00:00","dateModified":"2025-04-01T16:31:49+00:00","breadcrumb":{"@id":"https:\/\/rokmp.de\/eparhiya\/eparhialnyie-otdelyi\/#breadcrumb"},"inLanguage":"de","potentialAction":[{"@type":"ReadAction","target":["https:\/\/rokmp.de\/eparhiya\/eparhialnyie-otdelyi\/"]}]},{"@type":"BreadcrumbList","@id":"https:\/\/rokmp.de\/eparhiya\/eparhialnyie-otdelyi\/#breadcrumb","itemListElement":[{"@type":"ListItem","position":1,"name":"\u0413\u043b\u0430\u0432\u043d\u0430\u044f \u0441\u0442\u0440\u0430\u043d\u0438\u0446\u0430","item":"https:\/\/rokmp.de\/"},{"@type":"ListItem","position":2,"name":"\u0415\u043f\u0430\u0440\u0445\u0438\u044f","item":"https:\/\/rokmp.de\/eparhiya\/"},{"@type":"ListItem","position":3,"name":"\u0415\u043f\u0430\u0440\u0445\u0438\u0430\u043b\u044c\u043d\u044b\u0435 \u043e\u0442\u0434\u0435\u043b\u044b \u0438 \u0443\u0447\u0440\u0435\u0436\u0434\u0435\u043d\u0438\u044f"}]},{"@type":"WebSite","@id":"https:\/\/rokmp.de\/#website","url":"https:\/\/rokmp.de\/","name":"Berliner Di\u00f6zese der Russischen Orthodoxen Kirche (Kd\u00f6R)","description":"(\u0420\u0443\u0441\u0441\u043a\u0438\u0439) \u041e\u0444\u0438\u0446\u0438\u0430\u043b\u044c\u043d\u044b\u0439 \u0441\u0430\u0439\u0442 \u0420\u0443\u0441\u0441\u043a\u043e\u0439 \u041f\u0440\u0430\u0432\u043e\u0441\u043b\u0430\u0432\u043d\u043e\u0439 \u0426\u0435\u0440\u043a\u0432\u0438. \u0411\u0435\u0440\u043b\u0438\u043d\u0441\u043a\u043e-\u0413\u0435\u0440\u043c\u0430\u043d\u0441\u043a\u0430\u044f \u0435\u043f\u0430\u0440\u0445\u0438\u044f.","potentialAction":[{"@type":"SearchAction","target":{"@type":"EntryPoint","urlTemplate":"https:\/\/rokmp.de\/?s={search_term_string}"},"query-input":{"@type":"PropertyValueSpecification","valueRequired":true,"valueName":"search_term_string"}}],"inLanguage":"de"}]}},"jetpack_sharing_enabled":true,"_links":{"self":[{"href":"https:\/\/rokmp.de\/de\/wp-json\/wp\/v2\/pages\/3034","targetHints":{"allow":["GET"]}}],"collection":[{"href":"https:\/\/rokmp.de\/de\/wp-json\/wp\/v2\/pages"}],"about":[{"href":"https:\/\/rokmp.de\/de\/wp-json\/wp\/v2\/types\/page"}],"author":[{"embeddable":true,"href":"https:\/\/rokmp.de\/de\/wp-json\/wp\/v2\/users\/88"}],"replies":[{"embeddable":true,"href":"https:\/\/rokmp.de\/de\/wp-json\/wp\/v2\/comments?post=3034"}],"version-history":[{"count":22,"href":"https:\/\/rokmp.de\/de\/wp-json\/wp\/v2\/pages\/3034\/revisions"}],"predecessor-version":[{"id":39943,"href":"https:\/\/rokmp.de\/de\/wp-json\/wp\/v2\/pages\/3034\/revisions\/39943"}],"up":[{"embeddable":true,"href":"https:\/\/rokmp.de\/de\/wp-json\/wp\/v2\/pages\/1082"}],"wp:attachment":[{"href":"https:\/\/rokmp.de\/de\/wp-json\/wp\/v2\/media?parent=3034"}],"curies":[{"name":"wp","href":"https:\/\/api.w.org\/{rel}","templated":true}]}}