{"id":34835,"date":"2023-06-13T10:49:54","date_gmt":"2023-06-13T07:49:54","guid":{"rendered":"https:\/\/rokmp.de\/?page_id=34835"},"modified":"2023-07-16T00:25:14","modified_gmt":"2023-07-15T21:25:14","slug":"datenschutzhinweise","status":"publish","type":"page","link":"https:\/\/rokmp.de\/de\/datenschutzhinweise\/","title":{"rendered":"Datenschutzhinweise"},"content":{"rendered":"<p><\/p>\n<div>In diesen Datenschutzhinweisen wird die Verarbeitung von personenbezogenen Daten im Rahmen der Nutzung der Webseite von \u00a0Di\u00f6zese von Berlin und Deutschland der Russischen Orthodoxen Kirche des Moskauer Patriarchats beschrieben. Zudem enthalten diese Informationen zu den Rechten, die Ihnen zustehen, und wie Sie uns kontaktieren k\u00f6nnen.<\/div>\n<div>\n<p class=\"UZ\">I. Wer ist Verantwortlicher f\u00fcr die Verarbeitung der personenbezogenen Daten?<\/p>\n<\/div>\n<div>\n<p class=\"A\">Verantwortlich f\u00fcr diese Website und die damit verbundenen Verarbeitungen personenbezogener Daten ist:<\/p>\n<\/div>\n<div>\n<p class=\"A\">Di\u00f6zese von Berlin und Deutschland der Russischen Orthodoxen Kirche. Adresse: Wildensteiner Stra\u00dfe 10, 10318 Berlin. Tel: 030\/ 503 794 88 Fax: 030\/ 509 81 53; E-Mail: dioezese@rokmp.de<\/p>\n<\/div>\n<div>\n<p class=\"A\">Im Falle von Fragen zur Verarbeitung Ihrer personenbezogenen Daten im Rahmen dieser Website oder zum Thema Datenschutz wenden Sie sich bitte an Di\u00f6zesankanzlei <span lang=\"RU\">(<\/span>E-Mail: <a href=\"mailto:dioezese@rokmp.de\">dioezese@rokmp.de<\/a> oder <a href=\"mailto:info@rokmp.de\">info@rokmp.de<\/a><span lang=\"RU\">)<\/span>.<\/p>\n<\/div>\n<div>\n<p class=\"A\"><i>\u00a0<\/i><\/p>\n<\/div>\n<div>\n<p class=\"UZ\">II. Welche Daten werden zu welchem Zweck beim Besuch der Webseite verarbeitet?<\/p>\n<\/div>\n<div>\n<p class=\"A\"><b>1. Verarbeitung von Daten beim Zugriff auf die Website<\/b><\/p>\n<\/div>\n<div>\n<p class=\"A\">Bei einem Zugriff auf unsere Website werden automatisch folgende Informationen allgemeiner Natur (sog. Logfile Daten) erfasst:<\/p>\n<\/div>\n<div>\n<p class=\"A\">Datum und Uhrzeit des Zugriffs; IP-Adresse; Website, von der unsere Website aufgerufen wurde; Websites, die \u00fcber unsere Website aufgerufen werden; besuchte Seite auf unserer Website; Informationen \u00fcber den Browsertyp und die verwendete Version; Betriebssystem.<\/p>\n<\/div>\n<div>\n<p class=\"A\">Die vor\u00fcbergehende Speicherung dieser Daten ist technisch zur korrekten Auslieferung unserer Website notwendig. Die Daten fallen zudem bei der Nutzung des Internets und beim Aufruf einer Website zwingend an. Wir speichern die Logfile Daten, um die Funktionsf\u00e4higkeit und die Sicherheit der informationstechnischen Systeme sicherzustellen. In diesen Zwecken liegt unser berechtigtes Interesse in der Speicherung der Logfile Daten. Rechtsgrundlage f\u00fcr die Verarbeitung der personenbezogenen Daten ist Art.\u00a06 Abs.\u00a01 S.\u00a01 lit.\u00a0f DSGVO.<\/p>\n<\/div>\n<div>\n<p class=\"A\"><b>2. Verarbeitung von Daten bei Nutzung des Kontaktformulars bzw. bei E-Mail-Anfragen<\/b><\/p>\n<\/div>\n<div>\n<p class=\"A\">Nutzen Sie das auf unserer Website zur Verf\u00fcgung stehende Kontaktformular oder lassen Sie uns eine Anfrage \u00fcber die angegebene E-Mail-Adresse zukommen, so erheben wir Ihre mitgeteilten Daten f\u00fcr die Bearbeitung und Beantwortung Ihres Anliegens. Rechtsgrundlage f\u00fcr die Datenverarbeitung ist Art.\u00a06 Abs.\u00a01 S.\u00a01 lit.\u00a0f DSGVO.<\/p>\n<\/div>\n<div>\n<p class=\"A\"><b>3. Hinweise zur Datensicherheit<\/b><\/p>\n<\/div>\n<div>\n<p class=\"A\">Wir setzen geeignete technische und organisatorische Ma\u00dfnahmen ein, um ihre bei uns gespeicherten personenbezogenen Daten vor einem Zugriff durch Dritte, einem Verlust oder Missbrauch zu sch\u00fctzen und einen gesicherten Datentransfer zu erm\u00f6glichen. Die \u00dcbertragung der von Ihnen eingegebenen personenbezogenen Daten erfolgt mit dem allgemein \u00fcblichen unsicheren Standard SSL (Secure Socket Layer).<\/p>\n<\/div>\n<div>\n<p class=\"A\">Wir m\u00fcssen Sie darauf hinweisen, dass es aufgrund der Struktur des Internets zu einem ungewollten Daten-Zugriff durch Dritte kommen kann. Es liegt daher auch in Ihrem Verantwortungsbereich, Ihre Daten durch Verschl\u00fcsselung oder in sonstiger Weise gegen Missbrauch zu sch\u00fctzen. Ohne entsprechende Schutzma\u00dfnahmen k\u00f6nnen insbesondere unverschl\u00fcsselt \u00fcbertragene Daten, auch wenn dies per E-Mail erfolgt, von Dritten mitgelesen werden.<\/p>\n<\/div>\n<div>\n<p class=\"UZ\">III. Wie lange werden Ihre Daten gespeichert?<\/p>\n<\/div>\n<div>\n<p class=\"A\">Grunds\u00e4tzlich l\u00f6schen wir die gespeicherten Daten, sofern sie f\u00fcr die Erreichung des Zwecks ihrer Erhebung nicht mehr erforderlich sind.<\/p>\n<\/div>\n<div>\n<p class=\"A\">Die Daten, die wir im Rahmen des Zugriffs der Webseite erheben (Log-File Daten), speichern wir \u00fcber einen Zeitraum von \u00a090 Tage, um etwaige Angriffe gegen unsere Website zu erkennen und zu analysieren.<\/p>\n<\/div>\n<div>\n<p class=\"A\">Ihre Anfragen und die damit verbundenen mitgeteilten Daten speichern wir zu Nachweiszwecken f\u00fcr einen Zeitraum von 7 Tage.<\/p>\n<\/div>\n<div>\n<p class=\"UZ\">IV. An welche Empf\u00e4nger werden Ihre Daten weitergegeben?<\/p>\n<\/div>\n<div>\n<p class=\"A\">F\u00fcr das Hosting unserer Website setzen wir folgenden Dienstleister ein: dogado.de<\/p>\n<\/div>\n<div>\n<p class=\"A\">F\u00fcr das Webtracking haben wir folgenden Dienstleister beauftragt: keins<\/p>\n<\/div>\n<div>\n<p class=\"UZ\">V. Ihre Betroffenenrechte<\/p>\n<\/div>\n<div>\n<p class=\"A\">Als Betroffener der Datenverarbeitung stehen Ihnen die nachfolgenden Rechte zu.<\/p>\n<\/div>\n<div>\n<p class=\"A1\">\u25a0\u00a0\u00a0\u00a0 Recht auf Auskunft nach Art.\u00a015 DSGVO<\/p>\n<\/div>\n<div>\n<p class=\"A1\">\u25a0\u00a0\u00a0\u00a0 Recht auf Berichtigung nach Art.\u00a016 DSGVO<\/p>\n<\/div>\n<div>\n<p class=\"A1\">\u25a0\u00a0\u00a0\u00a0 Recht auf L\u00f6schung Ihrer Daten nach Art.\u00a017 DSGVO<\/p>\n<\/div>\n<div>\n<p class=\"A1\">\u25a0\u00a0\u00a0\u00a0 Recht auf Einschr\u00e4nkung der Datenverarbeitung nach Art.\u00a018 DSGVO<\/p>\n<\/div>\n<div>\n<p class=\"A1\">\u25a0\u00a0\u00a0\u00a0 Recht auf Daten\u00fcbertragbarkeit nach Art.\u00a020 DSGVO<\/p>\n<\/div>\n<div>\n<p class=\"A\">Einer Verarbeitung von personenbezogenen Daten f\u00fcr werbliche Zwecke k\u00f6nnen Sie jederzeit ohne Angabe von Gr\u00fcnden widersprechen.<\/p>\n<\/div>\n<div>\n<p class=\"A\">Zudem haben Sie nach Art.\u00a021 Abs.\u00a01 DSGVO das Recht aus Gr\u00fcnden, die sich aus ihrer besonderen Situation ergeben, jederzeit gegen die Verarbeitung Ihrer personenbezogenen Daten, die aufgrund von Art.\u00a06 Abs.\u00a01 lit.\u00a0f DSGVO erfolgt, Widerspruch einzulegen. Der Widerspruch ist in diesem Fall zu begr\u00fcnden.<\/p>\n<\/div>\n<div>\n<p class=\"UZ\">VI. Beschwerderecht bei einer Aufsichtsbeh\u00f6rde<\/p>\n<\/div>\n<div>\n<p class=\"A\">Wenn Sie der Ansicht sind, dass die Verarbeitung Ihrer personenbezogenen Daten gegen Datenschutzrecht verst\u00f6\u00dft, haben sie nach Art.\u00a077 Abs.\u00a01 DSGVO das Recht, sich bei einer Datenschutzaufsichtsbeh\u00f6rde zu beschweren. Hierzu geh\u00f6rt auch die f\u00fcr den Verantwortlichen zust\u00e4ndige Datenschutzaufsichtsbeh\u00f6rde. Eine Liste der Datenschutz-Aufsichtsbeh\u00f6rden und deren Kontaktdaten finden Sie unter: hqps:\/\/www.bfdi.bund.de\/DE\/Infothek\/Anschriken_Links\/anschriken_links-node.html<\/p>\n<\/div>\n<div>\n<p class=\"UZ\">VII. Bestehen einer automatisierten Entscheidungsfindung<\/p>\n<\/div>\n<div>\n<p class=\"A\">Eine automatisierte Entscheidungsfindung nach Art.\u00a022 Abs.\u00a01 und 4 DSGVO \u2013 einschlie\u00dflich Profiling \u2013 findet nicht statt.<\/p>\n<\/div>\n<div>\n<p class=\"A\">Stand: 10. Mai 2023<\/p>\n<\/div>\n<p><\/p>","protected":false},"excerpt":{"rendered":"<p>In diesen Datenschutzhinweisen wird die Verarbeitung von personenbezogenen Daten im&#8230;<\/p>\n","protected":false},"author":88,"featured_media":0,"parent":0,"menu_order":0,"comment_status":"closed","ping_status":"closed","template":"","meta":{"_acf_changed":false,"footnotes":""},"class_list":["post-34835","page","type-page","status-publish","hentry"],"acf":[],"yoast_head":"<!-- This site is optimized with the Yoast SEO plugin v24.9 - https:\/\/yoast.com\/wordpress\/plugins\/seo\/ -->\n<title>Datenschutzhinweise - Berliner Di\u00f6zese der Russischen Orthodoxen Kirche (Kd\u00f6R)<\/title>\n<meta name=\"robots\" content=\"index, follow, max-snippet:-1, max-image-preview:large, max-video-preview:-1\" \/>\n<link rel=\"canonical\" href=\"https:\/\/rokmp.de\/datenschutzhinweise\/\" \/>\n<meta property=\"og:locale\" content=\"de_DE\" \/>\n<meta property=\"og:type\" content=\"article\" \/>\n<meta property=\"og:title\" content=\"Datenschutzhinweise - Berliner Di\u00f6zese der Russischen Orthodoxen Kirche (Kd\u00f6R)\" \/>\n<meta property=\"og:description\" content=\"In diesen Datenschutzhinweisen wird die Verarbeitung von personenbezogenen Daten im...\" \/>\n<meta property=\"og:url\" content=\"https:\/\/rokmp.de\/datenschutzhinweise\/\" \/>\n<meta property=\"og:site_name\" content=\"Berliner Di\u00f6zese der Russischen Orthodoxen Kirche (Kd\u00f6R)\" \/>\n<meta property=\"article:modified_time\" content=\"2023-07-15T21:25:14+00:00\" \/>\n<meta name=\"twitter:card\" content=\"summary_large_image\" \/>\n<meta name=\"twitter:label1\" content=\"Gesch\u00e4tzte Lesezeit\" \/>\n\t<meta name=\"twitter:data1\" content=\"5\u00a0Minuten\" \/>\n<script type=\"application\/ld+json\" class=\"yoast-schema-graph\">{\"@context\":\"https:\/\/schema.org\",\"@graph\":[{\"@type\":\"WebPage\",\"@id\":\"https:\/\/rokmp.de\/datenschutzhinweise\/\",\"url\":\"https:\/\/rokmp.de\/datenschutzhinweise\/\",\"name\":\"Datenschutzhinweise - Berliner Di\u00f6zese der Russischen Orthodoxen Kirche (Kd\u00f6R)\",\"isPartOf\":{\"@id\":\"https:\/\/rokmp.de\/#website\"},\"datePublished\":\"2023-06-13T07:49:54+00:00\",\"dateModified\":\"2023-07-15T21:25:14+00:00\",\"breadcrumb\":{\"@id\":\"https:\/\/rokmp.de\/datenschutzhinweise\/#breadcrumb\"},\"inLanguage\":\"de\",\"potentialAction\":[{\"@type\":\"ReadAction\",\"target\":[\"https:\/\/rokmp.de\/datenschutzhinweise\/\"]}]},{\"@type\":\"BreadcrumbList\",\"@id\":\"https:\/\/rokmp.de\/datenschutzhinweise\/#breadcrumb\",\"itemListElement\":[{\"@type\":\"ListItem\",\"position\":1,\"name\":\"\u0413\u043b\u0430\u0432\u043d\u0430\u044f \u0441\u0442\u0440\u0430\u043d\u0438\u0446\u0430\",\"item\":\"https:\/\/rokmp.de\/\"},{\"@type\":\"ListItem\",\"position\":2,\"name\":\"Datenschutzhinweise\"}]},{\"@type\":\"WebSite\",\"@id\":\"https:\/\/rokmp.de\/#website\",\"url\":\"https:\/\/rokmp.de\/\",\"name\":\"Berliner Di\u00f6zese der Russischen Orthodoxen Kirche (Kd\u00f6R)\",\"description\":\"(\u0420\u0443\u0441\u0441\u043a\u0438\u0439) \u041e\u0444\u0438\u0446\u0438\u0430\u043b\u044c\u043d\u044b\u0439 \u0441\u0430\u0439\u0442 \u0420\u0443\u0441\u0441\u043a\u043e\u0439 \u041f\u0440\u0430\u0432\u043e\u0441\u043b\u0430\u0432\u043d\u043e\u0439 \u0426\u0435\u0440\u043a\u0432\u0438. \u0411\u0435\u0440\u043b\u0438\u043d\u0441\u043a\u043e-\u0413\u0435\u0440\u043c\u0430\u043d\u0441\u043a\u0430\u044f \u0435\u043f\u0430\u0440\u0445\u0438\u044f.\",\"potentialAction\":[{\"@type\":\"SearchAction\",\"target\":{\"@type\":\"EntryPoint\",\"urlTemplate\":\"https:\/\/rokmp.de\/?s={search_term_string}\"},\"query-input\":{\"@type\":\"PropertyValueSpecification\",\"valueRequired\":true,\"valueName\":\"search_term_string\"}}],\"inLanguage\":\"de\"}]}<\/script>\n<!-- \/ Yoast SEO plugin. -->","yoast_head_json":{"title":"Datenschutzhinweise - Berliner Di\u00f6zese der Russischen Orthodoxen Kirche (Kd\u00f6R)","robots":{"index":"index","follow":"follow","max-snippet":"max-snippet:-1","max-image-preview":"max-image-preview:large","max-video-preview":"max-video-preview:-1"},"canonical":"https:\/\/rokmp.de\/datenschutzhinweise\/","og_locale":"de_DE","og_type":"article","og_title":"Datenschutzhinweise - Berliner Di\u00f6zese der Russischen Orthodoxen Kirche (Kd\u00f6R)","og_description":"In diesen Datenschutzhinweisen wird die Verarbeitung von personenbezogenen Daten im...","og_url":"https:\/\/rokmp.de\/datenschutzhinweise\/","og_site_name":"Berliner Di\u00f6zese der Russischen Orthodoxen Kirche (Kd\u00f6R)","article_modified_time":"2023-07-15T21:25:14+00:00","twitter_card":"summary_large_image","twitter_misc":{"Gesch\u00e4tzte Lesezeit":"5\u00a0Minuten"},"schema":{"@context":"https:\/\/schema.org","@graph":[{"@type":"WebPage","@id":"https:\/\/rokmp.de\/datenschutzhinweise\/","url":"https:\/\/rokmp.de\/datenschutzhinweise\/","name":"Datenschutzhinweise - Berliner Di\u00f6zese der Russischen Orthodoxen Kirche (Kd\u00f6R)","isPartOf":{"@id":"https:\/\/rokmp.de\/#website"},"datePublished":"2023-06-13T07:49:54+00:00","dateModified":"2023-07-15T21:25:14+00:00","breadcrumb":{"@id":"https:\/\/rokmp.de\/datenschutzhinweise\/#breadcrumb"},"inLanguage":"de","potentialAction":[{"@type":"ReadAction","target":["https:\/\/rokmp.de\/datenschutzhinweise\/"]}]},{"@type":"BreadcrumbList","@id":"https:\/\/rokmp.de\/datenschutzhinweise\/#breadcrumb","itemListElement":[{"@type":"ListItem","position":1,"name":"\u0413\u043b\u0430\u0432\u043d\u0430\u044f \u0441\u0442\u0440\u0430\u043d\u0438\u0446\u0430","item":"https:\/\/rokmp.de\/"},{"@type":"ListItem","position":2,"name":"Datenschutzhinweise"}]},{"@type":"WebSite","@id":"https:\/\/rokmp.de\/#website","url":"https:\/\/rokmp.de\/","name":"Berliner Di\u00f6zese der Russischen Orthodoxen Kirche (Kd\u00f6R)","description":"(\u0420\u0443\u0441\u0441\u043a\u0438\u0439) \u041e\u0444\u0438\u0446\u0438\u0430\u043b\u044c\u043d\u044b\u0439 \u0441\u0430\u0439\u0442 \u0420\u0443\u0441\u0441\u043a\u043e\u0439 \u041f\u0440\u0430\u0432\u043e\u0441\u043b\u0430\u0432\u043d\u043e\u0439 \u0426\u0435\u0440\u043a\u0432\u0438. \u0411\u0435\u0440\u043b\u0438\u043d\u0441\u043a\u043e-\u0413\u0435\u0440\u043c\u0430\u043d\u0441\u043a\u0430\u044f \u0435\u043f\u0430\u0440\u0445\u0438\u044f.","potentialAction":[{"@type":"SearchAction","target":{"@type":"EntryPoint","urlTemplate":"https:\/\/rokmp.de\/?s={search_term_string}"},"query-input":{"@type":"PropertyValueSpecification","valueRequired":true,"valueName":"search_term_string"}}],"inLanguage":"de"}]}},"jetpack_sharing_enabled":true,"_links":{"self":[{"href":"https:\/\/rokmp.de\/de\/wp-json\/wp\/v2\/pages\/34835","targetHints":{"allow":["GET"]}}],"collection":[{"href":"https:\/\/rokmp.de\/de\/wp-json\/wp\/v2\/pages"}],"about":[{"href":"https:\/\/rokmp.de\/de\/wp-json\/wp\/v2\/types\/page"}],"author":[{"embeddable":true,"href":"https:\/\/rokmp.de\/de\/wp-json\/wp\/v2\/users\/88"}],"replies":[{"embeddable":true,"href":"https:\/\/rokmp.de\/de\/wp-json\/wp\/v2\/comments?post=34835"}],"version-history":[{"count":3,"href":"https:\/\/rokmp.de\/de\/wp-json\/wp\/v2\/pages\/34835\/revisions"}],"predecessor-version":[{"id":35065,"href":"https:\/\/rokmp.de\/de\/wp-json\/wp\/v2\/pages\/34835\/revisions\/35065"}],"wp:attachment":[{"href":"https:\/\/rokmp.de\/de\/wp-json\/wp\/v2\/media?parent=34835"}],"curies":[{"name":"wp","href":"https:\/\/api.w.org\/{rel}","templated":true}]}}