{"id":7924,"date":"2016-02-10T15:05:49","date_gmt":"2016-02-10T11:05:49","guid":{"rendered":"https:\/\/www.rokmp.de\/de\/?page_id=7924"},"modified":"2017-12-07T17:09:49","modified_gmt":"2017-12-07T14:09:49","slug":"protoierey-aleksiy-maltsev-bogoslov-tserkovnyiy-istorik-perevodchik-missioner","status":"publish","type":"page","link":"https:\/\/rokmp.de\/de\/protoierey-aleksiy-maltsev-bogoslov-tserkovnyiy-istorik-perevodchik-missioner\/","title":{"rendered":"Ein Vater der Orthodoxie in Deutschland. Zum 100. Todestag von Erzpriester Aleksij Mal\u2019cev"},"content":{"rendered":"<p>Von Nikolaj Thon<\/p>\n<p>\u201eVon gro\u00dfem Wuchs, mit kr\u00e4ftigem geschnittenen Haar, leiht ergrautem Bart, strahlend, in einem langem Gehrock. In der Krawatte eine Perlennadel. Wie gro\u00df war meine \u00dcberraschung, als man mir den Ank\u00f6mmling vorstellte: der Vorsteher der russischen Kirche in Berlin, Erzpriester Mal\u2019cev. Von ihm hatte ich geh\u00f6rt und war erfreut, seine Bekanntschaft zu machen\u201c, mit diesen Worten beschreibt der bekannte russische Maler Michail Nesterov seine erste Begegnung mit einem ungew\u00f6hnlichen Menschen, einem bedeutenden Theologen, Kirchenhistoriker, \u00dcbersetzer, Publizisten, Missionar und Gr\u00fcnder der ersten russischen, ja wahrscheinlich \u00fcberhaupt ersten orthodoxen Gesellschaft in Deutschland, mit Erzpriester Aleksij Petrovi\u010d Mal\u2019cev, der vor nunmehr hundert Jahren gestorben ist.<\/p>\n<ul>\n<li><a href=\"https:\/\/www.rokmp.de\/wp-content\/uploads\/2016\/02\/maltcev-de.pdf\" rel=\"\">Ein Vater der Orthodoxie in Deutschland, PDF File<\/a><\/li>\n<li><a href=\"https:\/\/www.rokmp.de\/wp-content\/uploads\/2016\/02\/maltcev.pdf\" rel=\"\">\u0414\u043e\u043a\u043b\u0430\u0434 \u043d\u0430 \u0440\u0443\u0441\u0441\u043a\u043e\u043c \u044f\u0437\u044b\u043a\u0435 \u0432 \u0444\u043e\u0440\u043c\u0430\u0442\u0435 PDF<\/a><\/li>\n<\/ul>\n<p><div class=\"tiled-gallery type-rectangular tiled-gallery-unresized\" data-original-width=\"860\" data-carousel-extra='{&quot;blog_id&quot;:1,&quot;permalink&quot;:&quot;https:\\\/\\\/rokmp.de\\\/de\\\/protoierey-aleksiy-maltsev-bogoslov-tserkovnyiy-istorik-perevodchik-missioner\\\/&quot;,&quot;likes_blog_id&quot;:102558546}' itemscope itemtype=\"http:\/\/schema.org\/ImageGallery\" > <div class=\"gallery-row\" style=\"width: 860px; height: 459px;\" data-original-width=\"860\" data-original-height=\"459\" > <div class=\"gallery-group images-2\" style=\"width: 325px; height: 459px;\" data-original-width=\"325\" data-original-height=\"459\" > <div class=\"tiled-gallery-item tiled-gallery-item-large\" itemprop=\"associatedMedia\" itemscope itemtype=\"http:\/\/schema.org\/ImageObject\"> <a href=\"https:\/\/rokmp.de\/de\/protoierey-aleksiy-maltsev-bogoslov-tserkovnyiy-istorik-perevodchik-missioner\/am-al-house\/\" border=\"0\" itemprop=\"url\"> <meta itemprop=\"width\" content=\"321\"> <meta itemprop=\"height\" content=\"271\"> <img decoding=\"async\" class=\"\" data-attachment-id=\"7925\" data-orig-file=\"https:\/\/rokmp.de\/wp-content\/uploads\/2016\/02\/AM-Al.-House.jpg\" data-orig-size=\"800,676\" data-comments-opened=\"1\" data-image-meta=\"{&quot;aperture&quot;:&quot;0&quot;,&quot;credit&quot;:&quot;&quot;,&quot;camera&quot;:&quot;&quot;,&quot;caption&quot;:&quot;&quot;,&quot;created_timestamp&quot;:&quot;0&quot;,&quot;copyright&quot;:&quot;&quot;,&quot;focal_length&quot;:&quot;0&quot;,&quot;iso&quot;:&quot;0&quot;,&quot;shutter_speed&quot;:&quot;0&quot;,&quot;title&quot;:&quot;&quot;,&quot;orientation&quot;:&quot;0&quot;}\" data-image-title=\"AM &#8211; Al.-House\" data-image-description=\"\" data-medium-file=\"https:\/\/rokmp.de\/wp-content\/uploads\/2016\/02\/AM-Al.-House-300x254.jpg\" data-large-file=\"https:\/\/rokmp.de\/wp-content\/uploads\/2016\/02\/AM-Al.-House.jpg\" src=\"https:\/\/i0.wp.com\/rokmp.de\/wp-content\/uploads\/2016\/02\/AM-Al.-House.jpg?w=321&#038;h=271&#038;ssl=1\" srcset=\"https:\/\/rokmp.de\/wp-content\/uploads\/2016\/02\/AM-Al.-House.jpg 800w, https:\/\/rokmp.de\/wp-content\/uploads\/2016\/02\/AM-Al.-House-300x254.jpg 300w, https:\/\/rokmp.de\/wp-content\/uploads\/2016\/02\/AM-Al.-House-768x649.jpg 768w\" width=\"321\" height=\"271\" loading=\"lazy\" data-original-width=\"321\" data-original-height=\"271\" itemprop=\"http:\/\/schema.org\/image\" title=\"AM - Al.-House\" alt=\"AM - Al.-House\" style=\"width: 321px; height: 271px;\" \/> <\/a> <\/div> <div class=\"tiled-gallery-item tiled-gallery-item-large\" itemprop=\"associatedMedia\" itemscope itemtype=\"http:\/\/schema.org\/ImageObject\"> <a href=\"https:\/\/rokmp.de\/de\/protoierey-aleksiy-maltsev-bogoslov-tserkovnyiy-istorik-perevodchik-missioner\/am-embassy-church\/\" border=\"0\" itemprop=\"url\"> <meta itemprop=\"width\" content=\"321\"> <meta itemprop=\"height\" content=\"180\"> <img decoding=\"async\" class=\"\" data-attachment-id=\"7928\" data-orig-file=\"https:\/\/rokmp.de\/wp-content\/uploads\/2016\/02\/AM-Embassy-Church.jpg\" data-orig-size=\"420,236\" data-comments-opened=\"1\" data-image-meta=\"{&quot;aperture&quot;:&quot;0&quot;,&quot;credit&quot;:&quot;&quot;,&quot;camera&quot;:&quot;&quot;,&quot;caption&quot;:&quot;&quot;,&quot;created_timestamp&quot;:&quot;0&quot;,&quot;copyright&quot;:&quot;&quot;,&quot;focal_length&quot;:&quot;0&quot;,&quot;iso&quot;:&quot;0&quot;,&quot;shutter_speed&quot;:&quot;0&quot;,&quot;title&quot;:&quot;&quot;,&quot;orientation&quot;:&quot;0&quot;}\" data-image-title=\"AM Embassy Church\" data-image-description=\"\" data-medium-file=\"https:\/\/rokmp.de\/wp-content\/uploads\/2016\/02\/AM-Embassy-Church-300x169.jpg\" data-large-file=\"https:\/\/rokmp.de\/wp-content\/uploads\/2016\/02\/AM-Embassy-Church.jpg\" src=\"https:\/\/i0.wp.com\/rokmp.de\/wp-content\/uploads\/2016\/02\/AM-Embassy-Church.jpg?w=321&#038;h=180&#038;ssl=1\" srcset=\"https:\/\/rokmp.de\/wp-content\/uploads\/2016\/02\/AM-Embassy-Church.jpg 420w, https:\/\/rokmp.de\/wp-content\/uploads\/2016\/02\/AM-Embassy-Church-300x169.jpg 300w\" width=\"321\" height=\"180\" loading=\"lazy\" data-original-width=\"321\" data-original-height=\"180\" itemprop=\"http:\/\/schema.org\/image\" title=\"AM Embassy Church\" alt=\"AM Embassy Church\" style=\"width: 321px; height: 180px;\" \/> <\/a> <\/div> <\/div> <!-- close group --> <div class=\"gallery-group images-2\" style=\"width: 229px; height: 459px;\" data-original-width=\"229\" data-original-height=\"459\" > <div class=\"tiled-gallery-item tiled-gallery-item-small\" itemprop=\"associatedMedia\" itemscope itemtype=\"http:\/\/schema.org\/ImageObject\"> <a href=\"https:\/\/rokmp.de\/de\/protoierey-aleksiy-maltsev-bogoslov-tserkovnyiy-istorik-perevodchik-missioner\/am-grave\/\" border=\"0\" itemprop=\"url\"> <meta itemprop=\"width\" content=\"225\"> <meta itemprop=\"height\" content=\"301\"> <img decoding=\"async\" class=\"\" data-attachment-id=\"7929\" data-orig-file=\"https:\/\/rokmp.de\/wp-content\/uploads\/2016\/02\/AM-Grave.jpg\" data-orig-size=\"560,747\" data-comments-opened=\"1\" data-image-meta=\"{&quot;aperture&quot;:&quot;0&quot;,&quot;credit&quot;:&quot;&quot;,&quot;camera&quot;:&quot;&quot;,&quot;caption&quot;:&quot;&quot;,&quot;created_timestamp&quot;:&quot;0&quot;,&quot;copyright&quot;:&quot;&quot;,&quot;focal_length&quot;:&quot;0&quot;,&quot;iso&quot;:&quot;0&quot;,&quot;shutter_speed&quot;:&quot;0&quot;,&quot;title&quot;:&quot;&quot;,&quot;orientation&quot;:&quot;0&quot;}\" data-image-title=\"AM Grave\" data-image-description=\"\" data-medium-file=\"https:\/\/rokmp.de\/wp-content\/uploads\/2016\/02\/AM-Grave-225x300.jpg\" data-large-file=\"https:\/\/rokmp.de\/wp-content\/uploads\/2016\/02\/AM-Grave.jpg\" src=\"https:\/\/i0.wp.com\/rokmp.de\/wp-content\/uploads\/2016\/02\/AM-Grave.jpg?w=225&#038;h=301&#038;ssl=1\" srcset=\"https:\/\/rokmp.de\/wp-content\/uploads\/2016\/02\/AM-Grave.jpg 560w, https:\/\/rokmp.de\/wp-content\/uploads\/2016\/02\/AM-Grave-225x300.jpg 225w\" width=\"225\" height=\"301\" loading=\"lazy\" data-original-width=\"225\" data-original-height=\"301\" itemprop=\"http:\/\/schema.org\/image\" title=\"AM Grave\" alt=\"AM Grave\" style=\"width: 225px; height: 301px;\" \/> <\/a> <\/div> <div class=\"tiled-gallery-item tiled-gallery-item-small\" itemprop=\"associatedMedia\" itemscope itemtype=\"http:\/\/schema.org\/ImageObject\"> <a href=\"https:\/\/rokmp.de\/de\/protoierey-aleksiy-maltsev-bogoslov-tserkovnyiy-istorik-perevodchik-missioner\/am-translations\/\" border=\"0\" itemprop=\"url\"> <meta itemprop=\"width\" content=\"225\"> <meta itemprop=\"height\" content=\"150\"> <img decoding=\"async\" class=\"\" data-attachment-id=\"7931\" data-orig-file=\"https:\/\/rokmp.de\/wp-content\/uploads\/2016\/02\/AM-Translations.jpg\" data-orig-size=\"640,427\" data-comments-opened=\"1\" data-image-meta=\"{&quot;aperture&quot;:&quot;0&quot;,&quot;credit&quot;:&quot;&quot;,&quot;camera&quot;:&quot;&quot;,&quot;caption&quot;:&quot;&quot;,&quot;created_timestamp&quot;:&quot;0&quot;,&quot;copyright&quot;:&quot;&quot;,&quot;focal_length&quot;:&quot;0&quot;,&quot;iso&quot;:&quot;0&quot;,&quot;shutter_speed&quot;:&quot;0&quot;,&quot;title&quot;:&quot;&quot;,&quot;orientation&quot;:&quot;0&quot;}\" data-image-title=\"AM Translations\" data-image-description=\"\" data-medium-file=\"https:\/\/rokmp.de\/wp-content\/uploads\/2016\/02\/AM-Translations-300x200.jpg\" data-large-file=\"https:\/\/rokmp.de\/wp-content\/uploads\/2016\/02\/AM-Translations.jpg\" src=\"https:\/\/i0.wp.com\/rokmp.de\/wp-content\/uploads\/2016\/02\/AM-Translations.jpg?w=225&#038;h=150&#038;ssl=1\" srcset=\"https:\/\/rokmp.de\/wp-content\/uploads\/2016\/02\/AM-Translations.jpg 640w, https:\/\/rokmp.de\/wp-content\/uploads\/2016\/02\/AM-Translations-300x200.jpg 300w\" width=\"225\" height=\"150\" loading=\"lazy\" data-original-width=\"225\" data-original-height=\"150\" itemprop=\"http:\/\/schema.org\/image\" title=\"AM Translations\" alt=\"AM Translations\" style=\"width: 225px; height: 150px;\" \/> <\/a> <\/div> <\/div> <!-- close group --> <div class=\"gallery-group images-1\" style=\"width: 306px; height: 459px;\" data-original-width=\"306\" data-original-height=\"459\" > <div class=\"tiled-gallery-item tiled-gallery-item-large\" itemprop=\"associatedMedia\" itemscope itemtype=\"http:\/\/schema.org\/ImageObject\"> <a href=\"https:\/\/rokmp.de\/de\/protoierey-aleksiy-maltsev-bogoslov-tserkovnyiy-istorik-perevodchik-missioner\/am-zivil\/\" border=\"0\" itemprop=\"url\"> <meta itemprop=\"width\" content=\"302\"> <meta itemprop=\"height\" content=\"455\"> <img decoding=\"async\" class=\"\" data-attachment-id=\"7932\" data-orig-file=\"https:\/\/rokmp.de\/wp-content\/uploads\/2016\/02\/AM-Zivil.jpg\" data-orig-size=\"300,453\" data-comments-opened=\"1\" data-image-meta=\"{&quot;aperture&quot;:&quot;0&quot;,&quot;credit&quot;:&quot;&quot;,&quot;camera&quot;:&quot;&quot;,&quot;caption&quot;:&quot;&quot;,&quot;created_timestamp&quot;:&quot;0&quot;,&quot;copyright&quot;:&quot;&quot;,&quot;focal_length&quot;:&quot;0&quot;,&quot;iso&quot;:&quot;0&quot;,&quot;shutter_speed&quot;:&quot;0&quot;,&quot;title&quot;:&quot;&quot;,&quot;orientation&quot;:&quot;0&quot;}\" data-image-title=\"AM Zivil\" data-image-description=\"\" data-medium-file=\"https:\/\/rokmp.de\/wp-content\/uploads\/2016\/02\/AM-Zivil-199x300.jpg\" data-large-file=\"https:\/\/rokmp.de\/wp-content\/uploads\/2016\/02\/AM-Zivil.jpg\" src=\"https:\/\/i0.wp.com\/rokmp.de\/wp-content\/uploads\/2016\/02\/AM-Zivil.jpg?w=302&#038;h=455&#038;ssl=1\" srcset=\"https:\/\/rokmp.de\/wp-content\/uploads\/2016\/02\/AM-Zivil.jpg 300w, https:\/\/rokmp.de\/wp-content\/uploads\/2016\/02\/AM-Zivil-199x300.jpg 199w\" width=\"302\" height=\"455\" loading=\"lazy\" data-original-width=\"302\" data-original-height=\"455\" itemprop=\"http:\/\/schema.org\/image\" title=\"AM Zivil\" alt=\"AM Zivil\" style=\"width: 302px; height: 455px;\" \/> <\/a> <\/div> <\/div> <!-- close group --> <\/div> <!-- close row --> <\/div><\/p>","protected":false},"excerpt":{"rendered":"<p>Von Nikolaj Thon \u201eVon gro\u00dfem Wuchs, mit kr\u00e4ftigem geschnittenen Haar,&#8230;<\/p>\n","protected":false},"author":88,"featured_media":11644,"parent":0,"menu_order":0,"comment_status":"closed","ping_status":"closed","template":"","meta":{"_acf_changed":false,"footnotes":""},"class_list":["post-7924","page","type-page","status-publish","has-post-thumbnail","hentry"],"acf":[],"yoast_head":"<!-- This site is optimized with the Yoast SEO plugin v24.9 - https:\/\/yoast.com\/wordpress\/plugins\/seo\/ -->\n<title>Ein Vater der Orthodoxie in Deutschland. Zum 100. Todestag von Erzpriester Aleksij Mal\u2019cev - Berliner Di\u00f6zese der Russischen Orthodoxen Kirche (Kd\u00f6R)<\/title>\n<meta name=\"robots\" content=\"index, follow, max-snippet:-1, max-image-preview:large, max-video-preview:-1\" \/>\n<link rel=\"canonical\" href=\"https:\/\/rokmp.de\/de\/protoierey-aleksiy-maltsev-bogoslov-tserkovnyiy-istorik-perevodchik-missioner\/\" \/>\n<meta property=\"og:locale\" content=\"de_DE\" \/>\n<meta property=\"og:type\" content=\"article\" \/>\n<meta property=\"og:title\" content=\"Ein Vater der Orthodoxie in Deutschland. Zum 100. Todestag von Erzpriester Aleksij Mal\u2019cev - Berliner Di\u00f6zese der Russischen Orthodoxen Kirche (Kd\u00f6R)\" \/>\n<meta property=\"og:description\" content=\"Von Nikolaj Thon \u201eVon gro\u00dfem Wuchs, mit kr\u00e4ftigem geschnittenen Haar,...\" \/>\n<meta property=\"og:url\" content=\"https:\/\/rokmp.de\/de\/protoierey-aleksiy-maltsev-bogoslov-tserkovnyiy-istorik-perevodchik-missioner\/\" \/>\n<meta property=\"og:site_name\" content=\"Berliner Di\u00f6zese der Russischen Orthodoxen Kirche (Kd\u00f6R)\" \/>\n<meta property=\"article:modified_time\" content=\"2017-12-07T14:09:49+00:00\" \/>\n<meta property=\"og:image\" content=\"https:\/\/rokmp.de\/wp-content\/uploads\/2017\/12\/AM-Translations-1.jpg\" \/>\n\t<meta property=\"og:image:width\" content=\"640\" \/>\n\t<meta property=\"og:image:height\" content=\"427\" \/>\n\t<meta property=\"og:image:type\" content=\"image\/jpeg\" \/>\n<meta name=\"twitter:card\" content=\"summary_large_image\" \/>\n<meta name=\"twitter:label1\" content=\"Gesch\u00e4tzte Lesezeit\" \/>\n\t<meta name=\"twitter:data1\" content=\"1\u00a0Minute\" \/>\n<script type=\"application\/ld+json\" class=\"yoast-schema-graph\">{\"@context\":\"https:\/\/schema.org\",\"@graph\":[{\"@type\":\"WebPage\",\"@id\":\"https:\/\/rokmp.de\/de\/protoierey-aleksiy-maltsev-bogoslov-tserkovnyiy-istorik-perevodchik-missioner\/\",\"url\":\"https:\/\/rokmp.de\/de\/protoierey-aleksiy-maltsev-bogoslov-tserkovnyiy-istorik-perevodchik-missioner\/\",\"name\":\"Ein Vater der Orthodoxie in Deutschland. Zum 100. Todestag von Erzpriester Aleksij Mal\u2019cev - Berliner Di\u00f6zese der Russischen Orthodoxen Kirche (Kd\u00f6R)\",\"isPartOf\":{\"@id\":\"https:\/\/rokmp.de\/#website\"},\"primaryImageOfPage\":{\"@id\":\"https:\/\/rokmp.de\/de\/protoierey-aleksiy-maltsev-bogoslov-tserkovnyiy-istorik-perevodchik-missioner\/#primaryimage\"},\"image\":{\"@id\":\"https:\/\/rokmp.de\/de\/protoierey-aleksiy-maltsev-bogoslov-tserkovnyiy-istorik-perevodchik-missioner\/#primaryimage\"},\"thumbnailUrl\":\"https:\/\/rokmp.de\/wp-content\/uploads\/2017\/12\/AM-Translations-1.jpg\",\"datePublished\":\"2016-02-10T11:05:49+00:00\",\"dateModified\":\"2017-12-07T14:09:49+00:00\",\"breadcrumb\":{\"@id\":\"https:\/\/rokmp.de\/de\/protoierey-aleksiy-maltsev-bogoslov-tserkovnyiy-istorik-perevodchik-missioner\/#breadcrumb\"},\"inLanguage\":\"de\",\"potentialAction\":[{\"@type\":\"ReadAction\",\"target\":[\"https:\/\/rokmp.de\/de\/protoierey-aleksiy-maltsev-bogoslov-tserkovnyiy-istorik-perevodchik-missioner\/\"]}]},{\"@type\":\"ImageObject\",\"inLanguage\":\"de\",\"@id\":\"https:\/\/rokmp.de\/de\/protoierey-aleksiy-maltsev-bogoslov-tserkovnyiy-istorik-perevodchik-missioner\/#primaryimage\",\"url\":\"https:\/\/rokmp.de\/wp-content\/uploads\/2017\/12\/AM-Translations-1.jpg\",\"contentUrl\":\"https:\/\/rokmp.de\/wp-content\/uploads\/2017\/12\/AM-Translations-1.jpg\",\"width\":640,\"height\":427},{\"@type\":\"BreadcrumbList\",\"@id\":\"https:\/\/rokmp.de\/de\/protoierey-aleksiy-maltsev-bogoslov-tserkovnyiy-istorik-perevodchik-missioner\/#breadcrumb\",\"itemListElement\":[{\"@type\":\"ListItem\",\"position\":1,\"name\":\"\u0413\u043b\u0430\u0432\u043d\u0430\u044f \u0441\u0442\u0440\u0430\u043d\u0438\u0446\u0430\",\"item\":\"https:\/\/rokmp.de\/\"},{\"@type\":\"ListItem\",\"position\":2,\"name\":\"Ein Vater der Orthodoxie in Deutschland. Zum 100. Todestag von Erzpriester Aleksij Mal\u2019cev\"}]},{\"@type\":\"WebSite\",\"@id\":\"https:\/\/rokmp.de\/#website\",\"url\":\"https:\/\/rokmp.de\/\",\"name\":\"Berliner Di\u00f6zese der Russischen Orthodoxen Kirche (Kd\u00f6R)\",\"description\":\"(\u0420\u0443\u0441\u0441\u043a\u0438\u0439) \u041e\u0444\u0438\u0446\u0438\u0430\u043b\u044c\u043d\u044b\u0439 \u0441\u0430\u0439\u0442 \u0420\u0443\u0441\u0441\u043a\u043e\u0439 \u041f\u0440\u0430\u0432\u043e\u0441\u043b\u0430\u0432\u043d\u043e\u0439 \u0426\u0435\u0440\u043a\u0432\u0438. \u0411\u0435\u0440\u043b\u0438\u043d\u0441\u043a\u043e-\u0413\u0435\u0440\u043c\u0430\u043d\u0441\u043a\u0430\u044f \u0435\u043f\u0430\u0440\u0445\u0438\u044f.\",\"potentialAction\":[{\"@type\":\"SearchAction\",\"target\":{\"@type\":\"EntryPoint\",\"urlTemplate\":\"https:\/\/rokmp.de\/?s={search_term_string}\"},\"query-input\":{\"@type\":\"PropertyValueSpecification\",\"valueRequired\":true,\"valueName\":\"search_term_string\"}}],\"inLanguage\":\"de\"}]}<\/script>\n<!-- \/ Yoast SEO plugin. -->","yoast_head_json":{"title":"Ein Vater der Orthodoxie in Deutschland. Zum 100. Todestag von Erzpriester Aleksij Mal\u2019cev - Berliner Di\u00f6zese der Russischen Orthodoxen Kirche (Kd\u00f6R)","robots":{"index":"index","follow":"follow","max-snippet":"max-snippet:-1","max-image-preview":"max-image-preview:large","max-video-preview":"max-video-preview:-1"},"canonical":"https:\/\/rokmp.de\/de\/protoierey-aleksiy-maltsev-bogoslov-tserkovnyiy-istorik-perevodchik-missioner\/","og_locale":"de_DE","og_type":"article","og_title":"Ein Vater der Orthodoxie in Deutschland. Zum 100. Todestag von Erzpriester Aleksij Mal\u2019cev - Berliner Di\u00f6zese der Russischen Orthodoxen Kirche (Kd\u00f6R)","og_description":"Von Nikolaj Thon \u201eVon gro\u00dfem Wuchs, mit kr\u00e4ftigem geschnittenen Haar,...","og_url":"https:\/\/rokmp.de\/de\/protoierey-aleksiy-maltsev-bogoslov-tserkovnyiy-istorik-perevodchik-missioner\/","og_site_name":"Berliner Di\u00f6zese der Russischen Orthodoxen Kirche (Kd\u00f6R)","article_modified_time":"2017-12-07T14:09:49+00:00","og_image":[{"width":640,"height":427,"url":"https:\/\/rokmp.de\/wp-content\/uploads\/2017\/12\/AM-Translations-1.jpg","type":"image\/jpeg"}],"twitter_card":"summary_large_image","twitter_misc":{"Gesch\u00e4tzte Lesezeit":"1\u00a0Minute"},"schema":{"@context":"https:\/\/schema.org","@graph":[{"@type":"WebPage","@id":"https:\/\/rokmp.de\/de\/protoierey-aleksiy-maltsev-bogoslov-tserkovnyiy-istorik-perevodchik-missioner\/","url":"https:\/\/rokmp.de\/de\/protoierey-aleksiy-maltsev-bogoslov-tserkovnyiy-istorik-perevodchik-missioner\/","name":"Ein Vater der Orthodoxie in Deutschland. Zum 100. Todestag von Erzpriester Aleksij Mal\u2019cev - Berliner Di\u00f6zese der Russischen Orthodoxen Kirche (Kd\u00f6R)","isPartOf":{"@id":"https:\/\/rokmp.de\/#website"},"primaryImageOfPage":{"@id":"https:\/\/rokmp.de\/de\/protoierey-aleksiy-maltsev-bogoslov-tserkovnyiy-istorik-perevodchik-missioner\/#primaryimage"},"image":{"@id":"https:\/\/rokmp.de\/de\/protoierey-aleksiy-maltsev-bogoslov-tserkovnyiy-istorik-perevodchik-missioner\/#primaryimage"},"thumbnailUrl":"https:\/\/rokmp.de\/wp-content\/uploads\/2017\/12\/AM-Translations-1.jpg","datePublished":"2016-02-10T11:05:49+00:00","dateModified":"2017-12-07T14:09:49+00:00","breadcrumb":{"@id":"https:\/\/rokmp.de\/de\/protoierey-aleksiy-maltsev-bogoslov-tserkovnyiy-istorik-perevodchik-missioner\/#breadcrumb"},"inLanguage":"de","potentialAction":[{"@type":"ReadAction","target":["https:\/\/rokmp.de\/de\/protoierey-aleksiy-maltsev-bogoslov-tserkovnyiy-istorik-perevodchik-missioner\/"]}]},{"@type":"ImageObject","inLanguage":"de","@id":"https:\/\/rokmp.de\/de\/protoierey-aleksiy-maltsev-bogoslov-tserkovnyiy-istorik-perevodchik-missioner\/#primaryimage","url":"https:\/\/rokmp.de\/wp-content\/uploads\/2017\/12\/AM-Translations-1.jpg","contentUrl":"https:\/\/rokmp.de\/wp-content\/uploads\/2017\/12\/AM-Translations-1.jpg","width":640,"height":427},{"@type":"BreadcrumbList","@id":"https:\/\/rokmp.de\/de\/protoierey-aleksiy-maltsev-bogoslov-tserkovnyiy-istorik-perevodchik-missioner\/#breadcrumb","itemListElement":[{"@type":"ListItem","position":1,"name":"\u0413\u043b\u0430\u0432\u043d\u0430\u044f \u0441\u0442\u0440\u0430\u043d\u0438\u0446\u0430","item":"https:\/\/rokmp.de\/"},{"@type":"ListItem","position":2,"name":"Ein Vater der Orthodoxie in Deutschland. Zum 100. Todestag von Erzpriester Aleksij Mal\u2019cev"}]},{"@type":"WebSite","@id":"https:\/\/rokmp.de\/#website","url":"https:\/\/rokmp.de\/","name":"Berliner Di\u00f6zese der Russischen Orthodoxen Kirche (Kd\u00f6R)","description":"(\u0420\u0443\u0441\u0441\u043a\u0438\u0439) \u041e\u0444\u0438\u0446\u0438\u0430\u043b\u044c\u043d\u044b\u0439 \u0441\u0430\u0439\u0442 \u0420\u0443\u0441\u0441\u043a\u043e\u0439 \u041f\u0440\u0430\u0432\u043e\u0441\u043b\u0430\u0432\u043d\u043e\u0439 \u0426\u0435\u0440\u043a\u0432\u0438. \u0411\u0435\u0440\u043b\u0438\u043d\u0441\u043a\u043e-\u0413\u0435\u0440\u043c\u0430\u043d\u0441\u043a\u0430\u044f \u0435\u043f\u0430\u0440\u0445\u0438\u044f.","potentialAction":[{"@type":"SearchAction","target":{"@type":"EntryPoint","urlTemplate":"https:\/\/rokmp.de\/?s={search_term_string}"},"query-input":{"@type":"PropertyValueSpecification","valueRequired":true,"valueName":"search_term_string"}}],"inLanguage":"de"}]}},"jetpack_sharing_enabled":true,"_links":{"self":[{"href":"https:\/\/rokmp.de\/de\/wp-json\/wp\/v2\/pages\/7924","targetHints":{"allow":["GET"]}}],"collection":[{"href":"https:\/\/rokmp.de\/de\/wp-json\/wp\/v2\/pages"}],"about":[{"href":"https:\/\/rokmp.de\/de\/wp-json\/wp\/v2\/types\/page"}],"author":[{"embeddable":true,"href":"https:\/\/rokmp.de\/de\/wp-json\/wp\/v2\/users\/88"}],"replies":[{"embeddable":true,"href":"https:\/\/rokmp.de\/de\/wp-json\/wp\/v2\/comments?post=7924"}],"version-history":[{"count":3,"href":"https:\/\/rokmp.de\/de\/wp-json\/wp\/v2\/pages\/7924\/revisions"}],"predecessor-version":[{"id":11623,"href":"https:\/\/rokmp.de\/de\/wp-json\/wp\/v2\/pages\/7924\/revisions\/11623"}],"wp:featuredmedia":[{"embeddable":true,"href":"https:\/\/rokmp.de\/de\/wp-json\/wp\/v2\/media\/11644"}],"wp:attachment":[{"href":"https:\/\/rokmp.de\/de\/wp-json\/wp\/v2\/media?parent=7924"}],"curies":[{"name":"wp","href":"https:\/\/api.w.org\/{rel}","templated":true}]}}